{"id":14058,"date":"2024-02-09T11:06:50","date_gmt":"2024-02-09T10:06:50","guid":{"rendered":"https:\/\/neos-electronic.com\/industria-nuclear\/"},"modified":"2025-10-12T21:16:11","modified_gmt":"2025-10-12T19:16:11","slug":"industria-nuclear","status":"publish","type":"page","link":"https:\/\/neos-electronic.com\/es\/industria-nuclear\/","title":{"rendered":"Industria nuclear"},"content":{"rendered":"\t\t<div data-elementor-type=\"wp-page\" data-elementor-id=\"14058\" class=\"elementor elementor-14058 elementor-10553\" data-elementor-post-type=\"page\">\n\t\t\t\t\t\t<section class=\"elementor-section elementor-top-section elementor-element elementor-element-39400799 elementor-section-boxed elementor-section-height-default elementor-section-height-default\" data-id=\"39400799\" data-element_type=\"section\" data-settings=\"{&quot;background_background&quot;:&quot;classic&quot;}\">\n\t\t\t\t\t\t\t<div class=\"elementor-background-overlay\"><\/div>\n\t\t\t\t\t\t\t<div class=\"elementor-container elementor-column-gap-no\">\n\t\t\t\t\t<div class=\"elementor-column elementor-col-50 elementor-top-column elementor-element elementor-element-6de78dcb\" data-id=\"6de78dcb\" data-element_type=\"column\">\n\t\t\t<div class=\"elementor-widget-wrap elementor-element-populated\">\n\t\t\t\t\t\t<div class=\"elementor-element elementor-element-272874fe elementor-widget elementor-widget-auntri_elementor_ova_image\" data-id=\"272874fe\" data-element_type=\"widget\" data-widget_type=\"auntri_elementor_ova_image.default\">\n\t\t\t\t<div class=\"elementor-widget-container\">\n\t\t\t\t\t\n\t\t\t\t\t<div class=\"ova-image version_2\">\n\t\t\t\t\t\t\t\t\t\n\t\t\t\t\t\t\t\t\t\t<span  class=\"text-content-2\">\n\t\t\t\t\t\tNEOS\t\t\t\t\t<\/span>\n\t\t\t\t\n\t\t\t\t<img decoding=\"async\" src=\"https:\/\/neos-electronic.com\/wp-content\/uploads\/2024\/02\/nuclear-plant.png\" alt=\"\">\n\n\t\t\t\t\n\t\t\t\t\n\t\t\t\t\n\t\t\t<\/div>\n\t\t\t\t \t\n\t\t\t\t\t\t<\/div>\n\t\t\t\t<\/div>\n\t\t\t\t\t<\/div>\n\t\t<\/div>\n\t\t\t\t<div class=\"elementor-column elementor-col-50 elementor-top-column elementor-element elementor-element-3f020596\" data-id=\"3f020596\" data-element_type=\"column\">\n\t\t\t<div class=\"elementor-widget-wrap elementor-element-populated\">\n\t\t\t\t\t\t<div class=\"elementor-element elementor-element-47307abd elementor-widget elementor-widget-auntri_elementor_heading\" data-id=\"47307abd\" data-element_type=\"widget\" data-widget_type=\"auntri_elementor_heading.default\">\n\t\t\t\t<div class=\"elementor-widget-container\">\n\t\t\t\t\t\n\t\t<div class=\"ova-title\">\n\n\t\t\t\t\t\t\t<h3 class=\"sub-title\">Industria nuclear<\/h3>\n\t\t\t\n\t\t\t\t\t\t\t\n\t\t\t\t\t\t\t\t\t<div class=\"box-title\">\n\t\t\t\t\t\t<div class=\"line-top\"><\/div>\n\t\t\t\t\n\t\t\t\t\t\n\t\t\t\t\t\t<h2 class=\"title\">Industrias con sistemas de larga vida \u00fatil y alta exigencia reglamentaria.<\/h2>\n\n\t\t\t\t\t\n\t\t\t\t\t\t\t\t\t<\/div>\n\t\t\t\t\n\t\t\t\n\t\t\t\n\t\t<\/div>\n\t\t \t\n\t\t\t\t\t\t<\/div>\n\t\t\t\t<\/div>\n\t\t\t\t<div class=\"elementor-element elementor-element-4f219e7c elementor-widget elementor-widget-text-editor\" data-id=\"4f219e7c\" data-element_type=\"widget\" data-widget_type=\"text-editor.default\">\n\t\t\t\t<div class=\"elementor-widget-container\">\n\t\t\t\t\t\t\t\t\t<h1><strong>Los desaf\u00edos<\/strong><\/h1><p style=\"text-align: left;\">La gesti\u00f3n y el control de la obsolescencia constituye uno de los principales desaf\u00edos del sector nuclear en la actualidad.<span class=\"NormalTextRun SCXW73472878 BCX0\">. Las nuevas pol\u00edticas gubernamentales europeas contemplan la posibilidad de prolongar la vida \u00fatil de las centrales nucleares m\u00e1s all\u00e1 de los 60 a\u00f1os de operaci\u00f3n.Esta estrategia implica la selecci\u00f3n de socios <\/span>cualificados en el \u00e1mbito del Mantenimiento en Condiciones Operativas (MCO).<\/p>\t\t\t\t\t\t\t\t<\/div>\n\t\t\t\t<\/div>\n\t\t\t\t\t<\/div>\n\t\t<\/div>\n\t\t\t\t\t<\/div>\n\t\t<\/section>\n\t\t\t\t<section class=\"elementor-section elementor-top-section elementor-element elementor-element-2b67723d elementor-section-boxed elementor-section-height-default elementor-section-height-default\" data-id=\"2b67723d\" data-element_type=\"section\">\n\t\t\t\t\t\t<div class=\"elementor-container elementor-column-gap-no\">\n\t\t\t\t\t<div class=\"elementor-column elementor-col-50 elementor-top-column elementor-element elementor-element-5cb3a54b\" data-id=\"5cb3a54b\" data-element_type=\"column\">\n\t\t\t<div class=\"elementor-widget-wrap elementor-element-populated\">\n\t\t\t\t\t\t<div class=\"elementor-element elementor-element-53543d7 elementor-widget elementor-widget-text-editor\" data-id=\"53543d7\" data-element_type=\"widget\" data-widget_type=\"text-editor.default\">\n\t\t\t\t<div class=\"elementor-widget-container\">\n\t\t\t\t\t\t\t\t\t<h1>Nuestros \u00e1mbitos de aplicaci\u00f3n espec\u00edficos en la industria nuclear:<\/h1>\t\t\t\t\t\t\t\t<\/div>\n\t\t\t\t<\/div>\n\t\t\t\t<div class=\"elementor-element elementor-element-cd7443d elementor-icon-list--layout-traditional elementor-list-item-link-full_width elementor-invisible elementor-widget elementor-widget-icon-list\" data-id=\"cd7443d\" data-element_type=\"widget\" data-settings=\"{&quot;_animation&quot;:&quot;slideInUp&quot;}\" data-widget_type=\"icon-list.default\">\n\t\t\t\t<div class=\"elementor-widget-container\">\n\t\t\t\t\t\t\t<ul class=\"elementor-icon-list-items\">\n\t\t\t\t\t\t\t<li class=\"elementor-icon-list-item\">\n\t\t\t\t\t\t\t\t\t\t\t<span class=\"elementor-icon-list-icon\">\n\t\t\t\t\t\t\t<i aria-hidden=\"true\" class=\"fas fa-chevron-circle-right\"><\/i>\t\t\t\t\t\t<\/span>\n\t\t\t\t\t\t\t\t\t\t<span class=\"elementor-icon-list-text\">Medida nuclear<\/span>\n\t\t\t\t\t\t\t\t\t<\/li>\n\t\t\t\t\t\t\t\t<li class=\"elementor-icon-list-item\">\n\t\t\t\t\t\t\t\t\t\t\t<span class=\"elementor-icon-list-icon\">\n\t\t\t\t\t\t\t<i aria-hidden=\"true\" class=\"fas fa-chevron-circle-right\"><\/i>\t\t\t\t\t\t<\/span>\n\t\t\t\t\t\t\t\t\t\t<span class=\"elementor-icon-list-text\">Inform\u00e1tica industrial<\/span>\n\t\t\t\t\t\t\t\t\t<\/li>\n\t\t\t\t\t\t\t\t<li class=\"elementor-icon-list-item\">\n\t\t\t\t\t\t\t\t\t\t\t<span class=\"elementor-icon-list-icon\">\n\t\t\t\t\t\t\t<i aria-hidden=\"true\" class=\"fas fa-chevron-circle-right\"><\/i>\t\t\t\t\t\t<\/span>\n\t\t\t\t\t\t\t\t\t\t<span class=\"elementor-icon-list-text\">Control y mando<\/span>\n\t\t\t\t\t\t\t\t\t<\/li>\n\t\t\t\t\t\t\t\t<li class=\"elementor-icon-list-item\">\n\t\t\t\t\t\t\t\t\t\t\t<span class=\"elementor-icon-list-icon\">\n\t\t\t\t\t\t\t<i aria-hidden=\"true\" class=\"fas fa-chevron-circle-right\"><\/i>\t\t\t\t\t\t<\/span>\n\t\t\t\t\t\t\t\t\t\t<span class=\"elementor-icon-list-text\">Radioprotecci\u00f3n<\/span>\n\t\t\t\t\t\t\t\t\t<\/li>\n\t\t\t\t\t\t\t\t<li class=\"elementor-icon-list-item\">\n\t\t\t\t\t\t\t\t\t\t\t<span class=\"elementor-icon-list-icon\">\n\t\t\t\t\t\t\t<i aria-hidden=\"true\" class=\"fas fa-chevron-circle-right\"><\/i>\t\t\t\t\t\t<\/span>\n\t\t\t\t\t\t\t\t\t\t<span class=\"elementor-icon-list-text\">Laboratorio<\/span>\n\t\t\t\t\t\t\t\t\t<\/li>\n\t\t\t\t\t\t\t\t<li class=\"elementor-icon-list-item\">\n\t\t\t\t\t\t\t\t\t\t\t<span class=\"elementor-icon-list-icon\">\n\t\t\t\t\t\t\t<i aria-hidden=\"true\" class=\"fas fa-chevron-circle-right\"><\/i>\t\t\t\t\t\t<\/span>\n\t\t\t\t\t\t\t\t\t\t<span class=\"elementor-icon-list-text\">Distribuci\u00f3n el\u00e9ctrica<\/span>\n\t\t\t\t\t\t\t\t\t<\/li>\n\t\t\t\t\t\t<\/ul>\n\t\t\t\t\t\t<\/div>\n\t\t\t\t<\/div>\n\t\t\t\t\t<\/div>\n\t\t<\/div>\n\t\t\t\t<div class=\"elementor-column elementor-col-50 elementor-top-column elementor-element elementor-element-7a814609\" data-id=\"7a814609\" data-element_type=\"column\">\n\t\t\t<div class=\"elementor-widget-wrap elementor-element-populated\">\n\t\t\t\t\t\t<div class=\"elementor-element elementor-element-171e4170 elementor-widget elementor-widget-auntri_elementor_ova_image\" data-id=\"171e4170\" data-element_type=\"widget\" data-widget_type=\"auntri_elementor_ova_image.default\">\n\t\t\t\t<div class=\"elementor-widget-container\">\n\t\t\t\t\t\n\t\t\t\t\t<div class=\"ova-image version_2\">\n\t\t\t\t\t\t\t\t\t\n\t\t\t\t\t\t\t\t\t\t<span  class=\"text-content-2\">\n\t\t\t\t\t\tNEOS\t\t\t\t\t<\/span>\n\t\t\t\t\n\t\t\t\t<img decoding=\"async\" src=\"https:\/\/neos-electronic.com\/wp-content\/uploads\/2024\/02\/industrie-nuclear.png\" alt=\"\">\n\n\t\t\t\t\n\t\t\t\t\n\t\t\t\t\n\t\t\t<\/div>\n\t\t\t\t \t\n\t\t\t\t\t\t<\/div>\n\t\t\t\t<\/div>\n\t\t\t\t\t<\/div>\n\t\t<\/div>\n\t\t\t\t\t<\/div>\n\t\t<\/section>\n\t\t\t\t<section class=\"elementor-section elementor-top-section elementor-element elementor-element-51cbe6e elementor-section-content-middle elementor-section-boxed elementor-section-height-default elementor-section-height-default\" data-id=\"51cbe6e\" data-element_type=\"section\" data-settings=\"{&quot;background_background&quot;:&quot;classic&quot;,&quot;shape_divider_top&quot;:&quot;arrow&quot;}\">\n\t\t\t\t\t\t\t<div class=\"elementor-background-overlay\"><\/div>\n\t\t\t\t\t\t<div class=\"elementor-shape elementor-shape-top\" aria-hidden=\"true\" data-negative=\"false\">\n\t\t\t<svg xmlns=\"http:\/\/www.w3.org\/2000\/svg\" viewBox=\"0 0 700 10\" preserveAspectRatio=\"none\">\n\t<path class=\"elementor-shape-fill\" d=\"M350,10L340,0h20L350,10z\"\/>\n<\/svg>\t\t<\/div>\n\t\t\t\t\t<div class=\"elementor-container elementor-column-gap-no\">\n\t\t\t\t\t<div class=\"elementor-column elementor-col-50 elementor-top-column elementor-element elementor-element-4382354\" data-id=\"4382354\" data-element_type=\"column\">\n\t\t\t<div class=\"elementor-widget-wrap elementor-element-populated\">\n\t\t\t\t\t\t<div class=\"elementor-element elementor-element-e730f5e elementor-widget elementor-widget-auntri_elementor_heading\" data-id=\"e730f5e\" data-element_type=\"widget\" data-widget_type=\"auntri_elementor_heading.default\">\n\t\t\t\t<div class=\"elementor-widget-container\">\n\t\t\t\t\t\n\t\t<div class=\"ova-title\">\n\n\t\t\t\t\t\t\t<h3 class=\"sub-title\">Nuestras soluciones<\/h3>\n\t\t\t\n\t\t\t\t\t\t\t\n\t\t\t\t\t\t\t\t\t<div class=\"box-title\">\n\t\t\t\t\t\t<div class=\"line-top\"><\/div>\n\t\t\t\t\n\t\t\t\t\t\n\t\t\t\t\t\t<h6 class=\"title\">Nuestras \u00e1reas de especializaci\u00f3n<\/h6>\n\n\t\t\t\t\t\n\t\t\t\t\t\t\t\t\t<\/div>\n\t\t\t\t\n\t\t\t\n\t\t\t\n\t\t<\/div>\n\t\t \t\n\t\t\t\t\t\t<\/div>\n\t\t\t\t<\/div>\n\t\t\t\t<div class=\"elementor-element elementor-element-8abdde5 elementor-widget elementor-widget-text-editor\" data-id=\"8abdde5\" data-element_type=\"widget\" data-widget_type=\"text-editor.default\">\n\t\t\t\t<div class=\"elementor-widget-container\">\n\t\t\t\t\t\t\t\t\t<p><span class=\"NormalTextRun SpellingErrorV2Themed SCXW166426636 BCX0\">Neos<\/span> <span class=\"NormalTextRun SpellingErrorV2Themed SCXW166426636 BCX0\">Electr\u00f3nica<\/span> ofrece soluciones para el Mantenimiento en Condiciones Operativas de sistemas electr\u00f3nicos industriales: <\/p>\t\t\t\t\t\t\t\t<\/div>\n\t\t\t\t<\/div>\n\t\t\t\t\t<\/div>\n\t\t<\/div>\n\t\t\t\t<div class=\"elementor-column elementor-col-50 elementor-top-column elementor-element elementor-element-8c0ad1c\" data-id=\"8c0ad1c\" data-element_type=\"column\">\n\t\t\t<div class=\"elementor-widget-wrap elementor-element-populated\">\n\t\t\t\t\t\t<div class=\"elementor-element elementor-element-987aaf3 elementor-align-left elementor-icon-list--layout-traditional elementor-list-item-link-full_width elementor-invisible elementor-widget elementor-widget-icon-list\" data-id=\"987aaf3\" data-element_type=\"widget\" data-settings=\"{&quot;_animation&quot;:&quot;slideInRight&quot;}\" data-widget_type=\"icon-list.default\">\n\t\t\t\t<div class=\"elementor-widget-container\">\n\t\t\t\t\t\t\t<ul class=\"elementor-icon-list-items\">\n\t\t\t\t\t\t\t<li class=\"elementor-icon-list-item\">\n\t\t\t\t\t\t\t\t\t\t\t<a href=\"https:\/\/neos-electronic.com\/services-clonage-cartes-electroniques\/\" target=\"_blank\">\n\n\t\t\t\t\t\t\t\t\t\t\t\t<span class=\"elementor-icon-list-icon\">\n\t\t\t\t\t\t\t<i aria-hidden=\"true\" class=\"fas fa-chevron-circle-right\"><\/i>\t\t\t\t\t\t<\/span>\n\t\t\t\t\t\t\t\t\t\t<span class=\"elementor-icon-list-text\">Clonaci\u00f3n de sistemas electr\u00f3nicos  <\/span>\n\t\t\t\t\t\t\t\t\t\t\t<\/a>\n\t\t\t\t\t\t\t\t\t<\/li>\n\t\t\t\t\t\t\t\t<li class=\"elementor-icon-list-item\">\n\t\t\t\t\t\t\t\t\t\t\t<a href=\"https:\/\/neos-electronic.com\/conception-eletronique\/\" target=\"_blank\">\n\n\t\t\t\t\t\t\t\t\t\t\t\t<span class=\"elementor-icon-list-icon\">\n\t\t\t\t\t\t\t<i aria-hidden=\"true\" class=\"fas fa-chevron-circle-right\"><\/i>\t\t\t\t\t\t<\/span>\n\t\t\t\t\t\t\t\t\t\t<span class=\"elementor-icon-list-text\">Dise\u00f1o electr\u00f3nico<\/span>\n\t\t\t\t\t\t\t\t\t\t\t<\/a>\n\t\t\t\t\t\t\t\t\t<\/li>\n\t\t\t\t\t\t\t\t<li class=\"elementor-icon-list-item\">\n\t\t\t\t\t\t\t\t\t\t\t<a href=\"https:\/\/neos-electronic.com\/retro-ingenierie\/\" target=\"_blank\">\n\n\t\t\t\t\t\t\t\t\t\t\t\t<span class=\"elementor-icon-list-icon\">\n\t\t\t\t\t\t\t<i aria-hidden=\"true\" class=\"fas fa-chevron-circle-right\"><\/i>\t\t\t\t\t\t<\/span>\n\t\t\t\t\t\t\t\t\t\t<span class=\"elementor-icon-list-text\">Ingenier\u00eda inversa<\/span>\n\t\t\t\t\t\t\t\t\t\t\t<\/a>\n\t\t\t\t\t\t\t\t\t<\/li>\n\t\t\t\t\t\t\t\t<li class=\"elementor-icon-list-item\">\n\t\t\t\t\t\t\t\t\t\t\t<a href=\"https:\/\/neos-electronic.com\/formation\/\" target=\"_blank\">\n\n\t\t\t\t\t\t\t\t\t\t\t\t<span class=\"elementor-icon-list-icon\">\n\t\t\t\t\t\t\t<i aria-hidden=\"true\" class=\"fas fa-chevron-circle-right\"><\/i>\t\t\t\t\t\t<\/span>\n\t\t\t\t\t\t\t\t\t\t<span class=\"elementor-icon-list-text\">Formaci\u00f3n en mantenimiento de equipos<\/span>\n\t\t\t\t\t\t\t\t\t\t\t<\/a>\n\t\t\t\t\t\t\t\t\t<\/li>\n\t\t\t\t\t\t\t\t<li class=\"elementor-icon-list-item\">\n\t\t\t\t\t\t\t\t\t\t\t<a href=\"https:\/\/neos-electronic.com\/services-vente-de-materiel-electronique-obsolete\/\" target=\"_blank\">\n\n\t\t\t\t\t\t\t\t\t\t\t\t<span class=\"elementor-icon-list-icon\">\n\t\t\t\t\t\t\t<i aria-hidden=\"true\" class=\"fas fa-chevron-circle-right\"><\/i>\t\t\t\t\t\t<\/span>\n\t\t\t\t\t\t\t\t\t\t<span class=\"elementor-icon-list-text\">Venta de equipos electr\u00f3nicos obsoletos<\/span>\n\t\t\t\t\t\t\t\t\t\t\t<\/a>\n\t\t\t\t\t\t\t\t\t<\/li>\n\t\t\t\t\t\t\t\t<li class=\"elementor-icon-list-item\">\n\t\t\t\t\t\t\t\t\t\t\t<a href=\"https:\/\/neos-electronic.com\/services-vente-de-composants-electroniques-obsoletes\/\" target=\"_blank\">\n\n\t\t\t\t\t\t\t\t\t\t\t\t<span class=\"elementor-icon-list-icon\">\n\t\t\t\t\t\t\t<i aria-hidden=\"true\" class=\"fas fa-chevron-circle-right\"><\/i>\t\t\t\t\t\t<\/span>\n\t\t\t\t\t\t\t\t\t\t<span class=\"elementor-icon-list-text\">Venta de componentes electr\u00f3nicos obsoletos<\/span>\n\t\t\t\t\t\t\t\t\t\t\t<\/a>\n\t\t\t\t\t\t\t\t\t<\/li>\n\t\t\t\t\t\t\t\t<li class=\"elementor-icon-list-item\">\n\t\t\t\t\t\t\t\t\t\t\t<a href=\"https:\/\/neos-electronic.com\/etude-de-perennite\/\" target=\"_blank\">\n\n\t\t\t\t\t\t\t\t\t\t\t\t<span class=\"elementor-icon-list-icon\">\n\t\t\t\t\t\t\t<i aria-hidden=\"true\" class=\"fas fa-chevron-circle-right\"><\/i>\t\t\t\t\t\t<\/span>\n\t\t\t\t\t\t\t\t\t\t<span class=\"elementor-icon-list-text\">Estudio de sostenibilidad<\/span>\n\t\t\t\t\t\t\t\t\t\t\t<\/a>\n\t\t\t\t\t\t\t\t\t<\/li>\n\t\t\t\t\t\t\t\t<li class=\"elementor-icon-list-item\">\n\t\t\t\t\t\t\t\t\t\t\t<a href=\"https:\/\/neos-electronic.com\/services\/veille-composants\/\" target=\"_blank\">\n\n\t\t\t\t\t\t\t\t\t\t\t\t<span class=\"elementor-icon-list-icon\">\n\t\t\t\t\t\t\t<i aria-hidden=\"true\" class=\"fas fa-chevron-circle-right\"><\/i>\t\t\t\t\t\t<\/span>\n\t\t\t\t\t\t\t\t\t\t<span class=\"elementor-icon-list-text\">Vigilancia de la obsolescencia de los componentes<\/span>\n\t\t\t\t\t\t\t\t\t\t\t<\/a>\n\t\t\t\t\t\t\t\t\t<\/li>\n\t\t\t\t\t\t<\/ul>\n\t\t\t\t\t\t<\/div>\n\t\t\t\t<\/div>\n\t\t\t\t\t<\/div>\n\t\t<\/div>\n\t\t\t\t\t<\/div>\n\t\t<\/section>\n\t\t\t\t<\/div>\n\t\t","protected":false},"excerpt":{"rendered":"<p>NEOS Industria nuclear Industrias con sistemas de larga vida \u00fatil y alta exigencia reglamentaria. Los desaf\u00edos La gesti\u00f3n y el control de la obsolescencia constituye uno de los principales desaf\u00edos del sector nuclear en la actualidad.. Las nuevas pol\u00edticas gubernamentales europeas contemplan la posibilidad de prolongar la vida \u00fatil de las centrales nucleares m\u00e1s all\u00e1 [&hellip;]<\/p>\n","protected":false},"author":2,"featured_media":0,"parent":0,"menu_order":0,"comment_status":"closed","ping_status":"closed","template":"elementor_header_footer","meta":{"footnotes":""},"class_list":["post-14058","page","type-page","status-publish","hentry"],"yoast_head":"<!-- This site is optimized with the Yoast SEO plugin v26.4 - https:\/\/yoast.com\/wordpress\/plugins\/seo\/ -->\n<title>Soluciones de mantenimiento operativo para la industria nuclear | Neos Electronic<\/title>\n<meta name=\"description\" content=\"Neos Electronic, su socio cualificado para mantener las condiciones operativas de la industria nuclear. Descubra nuestras soluciones en medici\u00f3n nuclear, inform\u00e1tica industrial, instrumentaci\u00f3n y control, protecci\u00f3n radiol\u00f3gica y soluciones de laboratorio para afrontar los retos de la obsolescencia dentro de un estricto marco regulatorio.\" \/>\n<meta name=\"robots\" content=\"index, follow, max-snippet:-1, max-image-preview:large, max-video-preview:-1\" \/>\n<link rel=\"canonical\" href=\"https:\/\/neos-electronic.com\/es\/industria-nuclear\/\" \/>\n<meta property=\"og:locale\" content=\"es_ES\" \/>\n<meta property=\"og:type\" content=\"article\" \/>\n<meta property=\"og:title\" content=\"Soluciones de mantenimiento operativo para la industria nuclear | Neos Electronic\" \/>\n<meta property=\"og:description\" content=\"Neos Electronic, su socio cualificado para mantener las condiciones operativas de la industria nuclear. Descubra nuestras soluciones en medici\u00f3n nuclear, inform\u00e1tica industrial, instrumentaci\u00f3n y control, protecci\u00f3n radiol\u00f3gica y soluciones de laboratorio para afrontar los retos de la obsolescencia dentro de un estricto marco regulatorio.\" \/>\n<meta property=\"og:url\" content=\"https:\/\/neos-electronic.com\/es\/industria-nuclear\/\" \/>\n<meta property=\"og:site_name\" content=\"Neos Electronic\" \/>\n<meta property=\"article:modified_time\" content=\"2025-10-12T19:16:11+00:00\" \/>\n<meta property=\"og:image\" content=\"https:\/\/neos-electronic.com\/wp-content\/uploads\/2024\/02\/nuclear-plant.png\" \/>\n<meta name=\"twitter:card\" content=\"summary_large_image\" \/>\n<meta name=\"twitter:label1\" content=\"Tiempo de lectura\" \/>\n\t<meta name=\"twitter:data1\" content=\"1 minuto\" \/>\n<script type=\"application\/ld+json\" class=\"yoast-schema-graph\">{\"@context\":\"https:\/\/schema.org\",\"@graph\":[{\"@type\":\"WebPage\",\"@id\":\"https:\/\/neos-electronic.com\/es\/industria-nuclear\/\",\"url\":\"https:\/\/neos-electronic.com\/es\/industria-nuclear\/\",\"name\":\"Soluciones de mantenimiento operativo para la industria nuclear | Neos Electronic\",\"isPartOf\":{\"@id\":\"https:\/\/neos-electronic.com\/es\/#website\"},\"primaryImageOfPage\":{\"@id\":\"https:\/\/neos-electronic.com\/es\/industria-nuclear\/#primaryimage\"},\"image\":{\"@id\":\"https:\/\/neos-electronic.com\/es\/industria-nuclear\/#primaryimage\"},\"thumbnailUrl\":\"https:\/\/neos-electronic.com\/wp-content\/uploads\/2024\/02\/nuclear-plant.png\",\"datePublished\":\"2024-02-09T10:06:50+00:00\",\"dateModified\":\"2025-10-12T19:16:11+00:00\",\"description\":\"Neos Electronic, su socio cualificado para mantener las condiciones operativas de la industria nuclear. Descubra nuestras soluciones en medici\u00f3n nuclear, inform\u00e1tica industrial, instrumentaci\u00f3n y control, protecci\u00f3n radiol\u00f3gica y soluciones de laboratorio para afrontar los retos de la obsolescencia dentro de un estricto marco regulatorio.\",\"breadcrumb\":{\"@id\":\"https:\/\/neos-electronic.com\/es\/industria-nuclear\/#breadcrumb\"},\"inLanguage\":\"es\",\"potentialAction\":[{\"@type\":\"ReadAction\",\"target\":[\"https:\/\/neos-electronic.com\/es\/industria-nuclear\/\"]}]},{\"@type\":\"ImageObject\",\"inLanguage\":\"es\",\"@id\":\"https:\/\/neos-electronic.com\/es\/industria-nuclear\/#primaryimage\",\"url\":\"https:\/\/neos-electronic.com\/wp-content\/uploads\/2024\/02\/nuclear-plant.png\",\"contentUrl\":\"https:\/\/neos-electronic.com\/wp-content\/uploads\/2024\/02\/nuclear-plant.png\"},{\"@type\":\"BreadcrumbList\",\"@id\":\"https:\/\/neos-electronic.com\/es\/industria-nuclear\/#breadcrumb\",\"itemListElement\":[{\"@type\":\"ListItem\",\"position\":1,\"name\":\"Home\",\"item\":\"https:\/\/neos-electronic.com\/es\/inicio\/\"},{\"@type\":\"ListItem\",\"position\":2,\"name\":\"Industria nuclear\"}]},{\"@type\":\"WebSite\",\"@id\":\"https:\/\/neos-electronic.com\/es\/#website\",\"url\":\"https:\/\/neos-electronic.com\/es\/\",\"name\":\"Neos Electronic\",\"description\":\"Maintien en Conditions Op\u00e9rationnelles\",\"publisher\":{\"@id\":\"https:\/\/neos-electronic.com\/es\/#organization\"},\"potentialAction\":[{\"@type\":\"SearchAction\",\"target\":{\"@type\":\"EntryPoint\",\"urlTemplate\":\"https:\/\/neos-electronic.com\/es\/?s={search_term_string}\"},\"query-input\":{\"@type\":\"PropertyValueSpecification\",\"valueRequired\":true,\"valueName\":\"search_term_string\"}}],\"inLanguage\":\"es\"},{\"@type\":\"Organization\",\"@id\":\"https:\/\/neos-electronic.com\/es\/#organization\",\"name\":\"Neos Electronic\",\"url\":\"https:\/\/neos-electronic.com\/es\/\",\"logo\":{\"@type\":\"ImageObject\",\"inLanguage\":\"es\",\"@id\":\"https:\/\/neos-electronic.com\/es\/#\/schema\/logo\/image\/\",\"url\":\"https:\/\/neos-electronic.com\/wp-content\/uploads\/2023\/09\/logo.png\",\"contentUrl\":\"https:\/\/neos-electronic.com\/wp-content\/uploads\/2023\/09\/logo.png\",\"width\":205,\"height\":206,\"caption\":\"Neos Electronic\"},\"image\":{\"@id\":\"https:\/\/neos-electronic.com\/es\/#\/schema\/logo\/image\/\"}}]}<\/script>\n<!-- \/ Yoast SEO plugin. -->","yoast_head_json":{"title":"Soluciones de mantenimiento operativo para la industria nuclear | Neos Electronic","description":"Neos Electronic, su socio cualificado para mantener las condiciones operativas de la industria nuclear. Descubra nuestras soluciones en medici\u00f3n nuclear, inform\u00e1tica industrial, instrumentaci\u00f3n y control, protecci\u00f3n radiol\u00f3gica y soluciones de laboratorio para afrontar los retos de la obsolescencia dentro de un estricto marco regulatorio.","robots":{"index":"index","follow":"follow","max-snippet":"max-snippet:-1","max-image-preview":"max-image-preview:large","max-video-preview":"max-video-preview:-1"},"canonical":"https:\/\/neos-electronic.com\/es\/industria-nuclear\/","og_locale":"es_ES","og_type":"article","og_title":"Soluciones de mantenimiento operativo para la industria nuclear | Neos Electronic","og_description":"Neos Electronic, su socio cualificado para mantener las condiciones operativas de la industria nuclear. Descubra nuestras soluciones en medici\u00f3n nuclear, inform\u00e1tica industrial, instrumentaci\u00f3n y control, protecci\u00f3n radiol\u00f3gica y soluciones de laboratorio para afrontar los retos de la obsolescencia dentro de un estricto marco regulatorio.","og_url":"https:\/\/neos-electronic.com\/es\/industria-nuclear\/","og_site_name":"Neos Electronic","article_modified_time":"2025-10-12T19:16:11+00:00","og_image":[{"url":"https:\/\/neos-electronic.com\/wp-content\/uploads\/2024\/02\/nuclear-plant.png","type":"","width":"","height":""}],"twitter_card":"summary_large_image","twitter_misc":{"Tiempo de lectura":"1 minuto"},"schema":{"@context":"https:\/\/schema.org","@graph":[{"@type":"WebPage","@id":"https:\/\/neos-electronic.com\/es\/industria-nuclear\/","url":"https:\/\/neos-electronic.com\/es\/industria-nuclear\/","name":"Soluciones de mantenimiento operativo para la industria nuclear | Neos Electronic","isPartOf":{"@id":"https:\/\/neos-electronic.com\/es\/#website"},"primaryImageOfPage":{"@id":"https:\/\/neos-electronic.com\/es\/industria-nuclear\/#primaryimage"},"image":{"@id":"https:\/\/neos-electronic.com\/es\/industria-nuclear\/#primaryimage"},"thumbnailUrl":"https:\/\/neos-electronic.com\/wp-content\/uploads\/2024\/02\/nuclear-plant.png","datePublished":"2024-02-09T10:06:50+00:00","dateModified":"2025-10-12T19:16:11+00:00","description":"Neos Electronic, su socio cualificado para mantener las condiciones operativas de la industria nuclear. Descubra nuestras soluciones en medici\u00f3n nuclear, inform\u00e1tica industrial, instrumentaci\u00f3n y control, protecci\u00f3n radiol\u00f3gica y soluciones de laboratorio para afrontar los retos de la obsolescencia dentro de un estricto marco regulatorio.","breadcrumb":{"@id":"https:\/\/neos-electronic.com\/es\/industria-nuclear\/#breadcrumb"},"inLanguage":"es","potentialAction":[{"@type":"ReadAction","target":["https:\/\/neos-electronic.com\/es\/industria-nuclear\/"]}]},{"@type":"ImageObject","inLanguage":"es","@id":"https:\/\/neos-electronic.com\/es\/industria-nuclear\/#primaryimage","url":"https:\/\/neos-electronic.com\/wp-content\/uploads\/2024\/02\/nuclear-plant.png","contentUrl":"https:\/\/neos-electronic.com\/wp-content\/uploads\/2024\/02\/nuclear-plant.png"},{"@type":"BreadcrumbList","@id":"https:\/\/neos-electronic.com\/es\/industria-nuclear\/#breadcrumb","itemListElement":[{"@type":"ListItem","position":1,"name":"Home","item":"https:\/\/neos-electronic.com\/es\/inicio\/"},{"@type":"ListItem","position":2,"name":"Industria nuclear"}]},{"@type":"WebSite","@id":"https:\/\/neos-electronic.com\/es\/#website","url":"https:\/\/neos-electronic.com\/es\/","name":"Neos Electronic","description":"Maintien en Conditions Op\u00e9rationnelles","publisher":{"@id":"https:\/\/neos-electronic.com\/es\/#organization"},"potentialAction":[{"@type":"SearchAction","target":{"@type":"EntryPoint","urlTemplate":"https:\/\/neos-electronic.com\/es\/?s={search_term_string}"},"query-input":{"@type":"PropertyValueSpecification","valueRequired":true,"valueName":"search_term_string"}}],"inLanguage":"es"},{"@type":"Organization","@id":"https:\/\/neos-electronic.com\/es\/#organization","name":"Neos Electronic","url":"https:\/\/neos-electronic.com\/es\/","logo":{"@type":"ImageObject","inLanguage":"es","@id":"https:\/\/neos-electronic.com\/es\/#\/schema\/logo\/image\/","url":"https:\/\/neos-electronic.com\/wp-content\/uploads\/2023\/09\/logo.png","contentUrl":"https:\/\/neos-electronic.com\/wp-content\/uploads\/2023\/09\/logo.png","width":205,"height":206,"caption":"Neos Electronic"},"image":{"@id":"https:\/\/neos-electronic.com\/es\/#\/schema\/logo\/image\/"}}]}},"_links":{"self":[{"href":"https:\/\/neos-electronic.com\/es\/wp-json\/wp\/v2\/pages\/14058","targetHints":{"allow":["GET"]}}],"collection":[{"href":"https:\/\/neos-electronic.com\/es\/wp-json\/wp\/v2\/pages"}],"about":[{"href":"https:\/\/neos-electronic.com\/es\/wp-json\/wp\/v2\/types\/page"}],"author":[{"embeddable":true,"href":"https:\/\/neos-electronic.com\/es\/wp-json\/wp\/v2\/users\/2"}],"replies":[{"embeddable":true,"href":"https:\/\/neos-electronic.com\/es\/wp-json\/wp\/v2\/comments?post=14058"}],"version-history":[{"count":8,"href":"https:\/\/neos-electronic.com\/es\/wp-json\/wp\/v2\/pages\/14058\/revisions"}],"predecessor-version":[{"id":14072,"href":"https:\/\/neos-electronic.com\/es\/wp-json\/wp\/v2\/pages\/14058\/revisions\/14072"}],"wp:attachment":[{"href":"https:\/\/neos-electronic.com\/es\/wp-json\/wp\/v2\/media?parent=14058"}],"curies":[{"name":"wp","href":"https:\/\/api.w.org\/{rel}","templated":true}]}}