{"id":14052,"date":"2024-02-09T12:14:05","date_gmt":"2024-02-09T11:14:05","guid":{"rendered":"https:\/\/neos-electronic.com\/industria-ferroviaria\/"},"modified":"2025-10-12T21:27:37","modified_gmt":"2025-10-12T19:27:37","slug":"industria-ferroviaria","status":"publish","type":"page","link":"https:\/\/neos-electronic.com\/es\/industria-ferroviaria\/","title":{"rendered":"Industria ferroviaria"},"content":{"rendered":"\t\t<div data-elementor-type=\"wp-page\" data-elementor-id=\"14052\" class=\"elementor elementor-14052 elementor-10589\" data-elementor-post-type=\"page\">\n\t\t\t\t\t\t<section class=\"elementor-section elementor-top-section elementor-element elementor-element-252b5b6f elementor-section-boxed elementor-section-height-default elementor-section-height-default\" data-id=\"252b5b6f\" data-element_type=\"section\" data-settings=\"{&quot;background_background&quot;:&quot;classic&quot;}\">\n\t\t\t\t\t\t\t<div class=\"elementor-background-overlay\"><\/div>\n\t\t\t\t\t\t\t<div class=\"elementor-container elementor-column-gap-no\">\n\t\t\t\t\t<div class=\"elementor-column elementor-col-50 elementor-top-column elementor-element elementor-element-3aa7f1a1\" data-id=\"3aa7f1a1\" data-element_type=\"column\">\n\t\t\t<div class=\"elementor-widget-wrap elementor-element-populated\">\n\t\t\t\t\t\t<div class=\"elementor-element elementor-element-135ed71f elementor-widget elementor-widget-auntri_elementor_ova_image\" data-id=\"135ed71f\" data-element_type=\"widget\" data-widget_type=\"auntri_elementor_ova_image.default\">\n\t\t\t\t<div class=\"elementor-widget-container\">\n\t\t\t\t\t\n\t\t\t\t\t<div class=\"ova-image version_2\">\n\t\t\t\t\t\t\t\t\t\n\t\t\t\t\t\t\t\t\t\t<span  class=\"text-content-2\">\n\t\t\t\t\t\tNEOS\t\t\t\t\t<\/span>\n\t\t\t\t\n\t\t\t\t<img decoding=\"async\" src=\"https:\/\/neos-electronic.com\/wp-content\/uploads\/2024\/02\/etude-de-cas-ferroviaire.png\" alt=\"\">\n\n\t\t\t\t\n\t\t\t\t\n\t\t\t\t\n\t\t\t<\/div>\n\t\t\t\t \t\n\t\t\t\t\t\t<\/div>\n\t\t\t\t<\/div>\n\t\t\t\t\t<\/div>\n\t\t<\/div>\n\t\t\t\t<div class=\"elementor-column elementor-col-50 elementor-top-column elementor-element elementor-element-47dcec1d\" data-id=\"47dcec1d\" data-element_type=\"column\">\n\t\t\t<div class=\"elementor-widget-wrap elementor-element-populated\">\n\t\t\t\t\t\t<div class=\"elementor-element elementor-element-51460bf8 elementor-widget elementor-widget-auntri_elementor_heading\" data-id=\"51460bf8\" data-element_type=\"widget\" data-widget_type=\"auntri_elementor_heading.default\">\n\t\t\t\t<div class=\"elementor-widget-container\">\n\t\t\t\t\t\n\t\t<div class=\"ova-title\">\n\n\t\t\t\t\t\t\t<h3 class=\"sub-title\">Industria ferroviaria<\/h3>\n\t\t\t\n\t\t\t\t\t\t\t\n\t\t\t\t\t\t\t\t\t<div class=\"box-title\">\n\t\t\t\t\t\t<div class=\"line-top\"><\/div>\n\t\t\t\t\n\t\t\t\t\t\n\t\t\t\t\t\t<h2 class=\"title\">Soluciones para el Mantenimiento en Condiciones Operativas (MCO) de los equipos del sector ferroviario.<\/h2>\n\n\t\t\t\t\t\n\t\t\t\t\t\t\t\t\t<\/div>\n\t\t\t\t\n\t\t\t\n\t\t\t\n\t\t<\/div>\n\t\t \t\n\t\t\t\t\t\t<\/div>\n\t\t\t\t<\/div>\n\t\t\t\t<div class=\"elementor-element elementor-element-70bc6ee7 elementor-widget elementor-widget-text-editor\" data-id=\"70bc6ee7\" data-element_type=\"widget\" data-widget_type=\"text-editor.default\">\n\t\t\t\t<div class=\"elementor-widget-container\">\n\t\t\t\t\t\t\t\t\t<h1><strong>Los desaf\u00edos<\/strong><\/h1><h2>Industria con ciclos de vida largos.<\/h2><p>La gesti\u00f3n de la obsolescencia de los sistemas electr\u00f3nicos constituye uno de los principales retos para la industria ferroviaria. <\/p><p>Las escaseces recurrentes de componentes, el r\u00e1pido desarrollo de nuevas tecnolog\u00edas y la aparici\u00f3n de nuevas generaciones de equipos tienen una serie de impactos negativos en la competitividad del sector:<\/p><ul><li>Incremento de los costes de mantenimiento<\/li><li>Evoluci\u00f3n de las normativas<\/li><li>Riesgos en materia de seguridad derivados de la obsolescencia<\/li><\/ul><p>Para hacer frente a estos desaf\u00edos, es fundamental implementar una estrategia de Mantenimiento en Condiciones Operativas (MCO) eficaz, capaz de prolongar la vida \u00fatil de los sistemas electr\u00f3nicos, garantizando al mismo tiempo su fiabilidad y seguridad.<\/p>\t\t\t\t\t\t\t\t<\/div>\n\t\t\t\t<\/div>\n\t\t\t\t\t<\/div>\n\t\t<\/div>\n\t\t\t\t\t<\/div>\n\t\t<\/section>\n\t\t\t\t<section class=\"elementor-section elementor-top-section elementor-element elementor-element-521ceb74 elementor-section-boxed elementor-section-height-default elementor-section-height-default\" data-id=\"521ceb74\" data-element_type=\"section\">\n\t\t\t\t\t\t<div class=\"elementor-container elementor-column-gap-no\">\n\t\t\t\t\t<div class=\"elementor-column elementor-col-50 elementor-top-column elementor-element elementor-element-550ef2a1\" data-id=\"550ef2a1\" data-element_type=\"column\">\n\t\t\t<div class=\"elementor-widget-wrap elementor-element-populated\">\n\t\t\t\t\t\t<div class=\"elementor-element elementor-element-438246de elementor-widget elementor-widget-text-editor\" data-id=\"438246de\" data-element_type=\"widget\" data-widget_type=\"text-editor.default\">\n\t\t\t\t<div class=\"elementor-widget-container\">\n\t\t\t\t\t\t\t\t\t<h1>Nuestros \u00e1mbitos de aplicaci\u00f3n en la industria ferroviaria:<\/h1>\t\t\t\t\t\t\t\t<\/div>\n\t\t\t\t<\/div>\n\t\t\t\t<div class=\"elementor-element elementor-element-1d985b20 elementor-icon-list--layout-traditional elementor-list-item-link-full_width elementor-invisible elementor-widget elementor-widget-icon-list\" data-id=\"1d985b20\" data-element_type=\"widget\" data-settings=\"{&quot;_animation&quot;:&quot;slideInUp&quot;}\" data-widget_type=\"icon-list.default\">\n\t\t\t\t<div class=\"elementor-widget-container\">\n\t\t\t\t\t\t\t<ul class=\"elementor-icon-list-items\">\n\t\t\t\t\t\t\t<li class=\"elementor-icon-list-item\">\n\t\t\t\t\t\t\t\t\t\t\t<span class=\"elementor-icon-list-icon\">\n\t\t\t\t\t\t\t<i aria-hidden=\"true\" class=\"fas fa-chevron-circle-right\"><\/i>\t\t\t\t\t\t<\/span>\n\t\t\t\t\t\t\t\t\t\t<span class=\"elementor-icon-list-text\">Control y mando<\/span>\n\t\t\t\t\t\t\t\t\t<\/li>\n\t\t\t\t\t\t\t\t<li class=\"elementor-icon-list-item\">\n\t\t\t\t\t\t\t\t\t\t\t<span class=\"elementor-icon-list-icon\">\n\t\t\t\t\t\t\t<i aria-hidden=\"true\" class=\"fas fa-chevron-circle-right\"><\/i>\t\t\t\t\t\t<\/span>\n\t\t\t\t\t\t\t\t\t\t<span class=\"elementor-icon-list-text\">Aire acondicionado<\/span>\n\t\t\t\t\t\t\t\t\t<\/li>\n\t\t\t\t\t\t\t\t<li class=\"elementor-icon-list-item\">\n\t\t\t\t\t\t\t\t\t\t\t<span class=\"elementor-icon-list-icon\">\n\t\t\t\t\t\t\t<i aria-hidden=\"true\" class=\"fas fa-chevron-circle-right\"><\/i>\t\t\t\t\t\t<\/span>\n\t\t\t\t\t\t\t\t\t\t<span class=\"elementor-icon-list-text\">Sistemas de freno<\/span>\n\t\t\t\t\t\t\t\t\t<\/li>\n\t\t\t\t\t\t\t\t<li class=\"elementor-icon-list-item\">\n\t\t\t\t\t\t\t\t\t\t\t<span class=\"elementor-icon-list-icon\">\n\t\t\t\t\t\t\t<i aria-hidden=\"true\" class=\"fas fa-chevron-circle-right\"><\/i>\t\t\t\t\t\t<\/span>\n\t\t\t\t\t\t\t\t\t\t<span class=\"elementor-icon-list-text\">Infraestructura<\/span>\n\t\t\t\t\t\t\t\t\t<\/li>\n\t\t\t\t\t\t<\/ul>\n\t\t\t\t\t\t<\/div>\n\t\t\t\t<\/div>\n\t\t\t\t\t<\/div>\n\t\t<\/div>\n\t\t\t\t<div class=\"elementor-column elementor-col-50 elementor-top-column elementor-element elementor-element-7d01d48\" data-id=\"7d01d48\" data-element_type=\"column\">\n\t\t\t<div class=\"elementor-widget-wrap elementor-element-populated\">\n\t\t\t\t\t\t<div class=\"elementor-element elementor-element-3c6d3d8 elementor-widget elementor-widget-auntri_elementor_ova_image\" data-id=\"3c6d3d8\" data-element_type=\"widget\" data-widget_type=\"auntri_elementor_ova_image.default\">\n\t\t\t\t<div class=\"elementor-widget-container\">\n\t\t\t\t\t\n\t\t\t\t\t<div class=\"ova-image version_2\">\n\t\t\t\t\t\t\t\t\t\n\t\t\t\t\t\t\t\t\t\t<span  class=\"text-content-2\">\n\t\t\t\t\t\tNEOS\t\t\t\t\t<\/span>\n\t\t\t\t\n\t\t\t\t<img decoding=\"async\" src=\"https:\/\/neos-electronic.com\/wp-content\/uploads\/2024\/02\/maintenance.png\" alt=\"\">\n\n\t\t\t\t\n\t\t\t\t\n\t\t\t\t\n\t\t\t<\/div>\n\t\t\t\t \t\n\t\t\t\t\t\t<\/div>\n\t\t\t\t<\/div>\n\t\t\t\t\t<\/div>\n\t\t<\/div>\n\t\t\t\t\t<\/div>\n\t\t<\/section>\n\t\t\t\t<section class=\"elementor-section elementor-top-section elementor-element elementor-element-7a61375 elementor-section-content-middle elementor-section-boxed elementor-section-height-default elementor-section-height-default\" data-id=\"7a61375\" data-element_type=\"section\" data-settings=\"{&quot;background_background&quot;:&quot;classic&quot;,&quot;shape_divider_top&quot;:&quot;arrow&quot;}\">\n\t\t\t\t\t\t\t<div class=\"elementor-background-overlay\"><\/div>\n\t\t\t\t\t\t<div class=\"elementor-shape elementor-shape-top\" aria-hidden=\"true\" data-negative=\"false\">\n\t\t\t<svg xmlns=\"http:\/\/www.w3.org\/2000\/svg\" viewBox=\"0 0 700 10\" preserveAspectRatio=\"none\">\n\t<path class=\"elementor-shape-fill\" d=\"M350,10L340,0h20L350,10z\"\/>\n<\/svg>\t\t<\/div>\n\t\t\t\t\t<div class=\"elementor-container elementor-column-gap-no\">\n\t\t\t\t\t<div class=\"elementor-column elementor-col-50 elementor-top-column elementor-element elementor-element-919ea34\" data-id=\"919ea34\" data-element_type=\"column\">\n\t\t\t<div class=\"elementor-widget-wrap elementor-element-populated\">\n\t\t\t\t\t\t<div class=\"elementor-element elementor-element-61b5051 elementor-widget elementor-widget-auntri_elementor_heading\" data-id=\"61b5051\" data-element_type=\"widget\" data-widget_type=\"auntri_elementor_heading.default\">\n\t\t\t\t<div class=\"elementor-widget-container\">\n\t\t\t\t\t\n\t\t<div class=\"ova-title\">\n\n\t\t\t\t\t\t\t<h3 class=\"sub-title\">Nuestras soluciones<\/h3>\n\t\t\t\n\t\t\t\t\t\t\t\n\t\t\t\t\t\t\t\t\t<div class=\"box-title\">\n\t\t\t\t\t\t<div class=\"line-top\"><\/div>\n\t\t\t\t\n\t\t\t\t\t\n\t\t\t\t\t\t<h6 class=\"title\">Nuestras \u00e1reas de especializaci\u00f3n<\/h6>\n\n\t\t\t\t\t\n\t\t\t\t\t\t\t\t\t<\/div>\n\t\t\t\t\n\t\t\t\n\t\t\t\n\t\t<\/div>\n\t\t \t\n\t\t\t\t\t\t<\/div>\n\t\t\t\t<\/div>\n\t\t\t\t<div class=\"elementor-element elementor-element-ccd3447 elementor-widget elementor-widget-text-editor\" data-id=\"ccd3447\" data-element_type=\"widget\" data-widget_type=\"text-editor.default\">\n\t\t\t\t<div class=\"elementor-widget-container\">\n\t\t\t\t\t\t\t\t\t<p><span class=\"NormalTextRun SpellingErrorV2Themed SCXW166426636 BCX0\">Neos<\/span> <span class=\"NormalTextRun SpellingErrorV2Themed SCXW166426636 BCX0\">Electr\u00f3nica<\/span><span class=\"NormalTextRun SCXW166426636 BCX0\"> ofrece soluciones para el Mantenimiento en Condiciones Operativas de sistemas electr\u00f3nicos industriales: <\/span> <\/p>\t\t\t\t\t\t\t\t<\/div>\n\t\t\t\t<\/div>\n\t\t\t\t\t<\/div>\n\t\t<\/div>\n\t\t\t\t<div class=\"elementor-column elementor-col-50 elementor-top-column elementor-element elementor-element-ce247ac\" data-id=\"ce247ac\" data-element_type=\"column\">\n\t\t\t<div class=\"elementor-widget-wrap elementor-element-populated\">\n\t\t\t\t\t\t<div class=\"elementor-element elementor-element-38517a7 elementor-align-left elementor-icon-list--layout-traditional elementor-list-item-link-full_width elementor-invisible elementor-widget elementor-widget-icon-list\" data-id=\"38517a7\" data-element_type=\"widget\" data-settings=\"{&quot;_animation&quot;:&quot;slideInRight&quot;}\" data-widget_type=\"icon-list.default\">\n\t\t\t\t<div class=\"elementor-widget-container\">\n\t\t\t\t\t\t\t<ul class=\"elementor-icon-list-items\">\n\t\t\t\t\t\t\t<li class=\"elementor-icon-list-item\">\n\t\t\t\t\t\t\t\t\t\t\t<a href=\"https:\/\/neos-electronic.com\/services-clonage-cartes-electroniques\/\" target=\"_blank\">\n\n\t\t\t\t\t\t\t\t\t\t\t\t<span class=\"elementor-icon-list-icon\">\n\t\t\t\t\t\t\t<i aria-hidden=\"true\" class=\"fas fa-chevron-circle-right\"><\/i>\t\t\t\t\t\t<\/span>\n\t\t\t\t\t\t\t\t\t\t<span class=\"elementor-icon-list-text\">Clonaci\u00f3n de sistemas electr\u00f3nicos  <\/span>\n\t\t\t\t\t\t\t\t\t\t\t<\/a>\n\t\t\t\t\t\t\t\t\t<\/li>\n\t\t\t\t\t\t\t\t<li class=\"elementor-icon-list-item\">\n\t\t\t\t\t\t\t\t\t\t\t<a href=\"https:\/\/neos-electronic.com\/conception-eletronique\/\" target=\"_blank\">\n\n\t\t\t\t\t\t\t\t\t\t\t\t<span class=\"elementor-icon-list-icon\">\n\t\t\t\t\t\t\t<i aria-hidden=\"true\" class=\"fas fa-chevron-circle-right\"><\/i>\t\t\t\t\t\t<\/span>\n\t\t\t\t\t\t\t\t\t\t<span class=\"elementor-icon-list-text\">Dise\u00f1o electr\u00f3nico<\/span>\n\t\t\t\t\t\t\t\t\t\t\t<\/a>\n\t\t\t\t\t\t\t\t\t<\/li>\n\t\t\t\t\t\t\t\t<li class=\"elementor-icon-list-item\">\n\t\t\t\t\t\t\t\t\t\t\t<a href=\"https:\/\/neos-electronic.com\/retro-ingenierie\/\" target=\"_blank\">\n\n\t\t\t\t\t\t\t\t\t\t\t\t<span class=\"elementor-icon-list-icon\">\n\t\t\t\t\t\t\t<i aria-hidden=\"true\" class=\"fas fa-chevron-circle-right\"><\/i>\t\t\t\t\t\t<\/span>\n\t\t\t\t\t\t\t\t\t\t<span class=\"elementor-icon-list-text\">Ingenier\u00eda inversa<\/span>\n\t\t\t\t\t\t\t\t\t\t\t<\/a>\n\t\t\t\t\t\t\t\t\t<\/li>\n\t\t\t\t\t\t\t\t<li class=\"elementor-icon-list-item\">\n\t\t\t\t\t\t\t\t\t\t\t<a href=\"https:\/\/neos-electronic.com\/formation\/\" target=\"_blank\">\n\n\t\t\t\t\t\t\t\t\t\t\t\t<span class=\"elementor-icon-list-icon\">\n\t\t\t\t\t\t\t<i aria-hidden=\"true\" class=\"fas fa-chevron-circle-right\"><\/i>\t\t\t\t\t\t<\/span>\n\t\t\t\t\t\t\t\t\t\t<span class=\"elementor-icon-list-text\">Formaci\u00f3n en mantenimiento de equipos<\/span>\n\t\t\t\t\t\t\t\t\t\t\t<\/a>\n\t\t\t\t\t\t\t\t\t<\/li>\n\t\t\t\t\t\t\t\t<li class=\"elementor-icon-list-item\">\n\t\t\t\t\t\t\t\t\t\t\t<a href=\"https:\/\/neos-electronic.com\/services-vente-de-materiel-electronique-obsolete\/\" target=\"_blank\">\n\n\t\t\t\t\t\t\t\t\t\t\t\t<span class=\"elementor-icon-list-icon\">\n\t\t\t\t\t\t\t<i aria-hidden=\"true\" class=\"fas fa-chevron-circle-right\"><\/i>\t\t\t\t\t\t<\/span>\n\t\t\t\t\t\t\t\t\t\t<span class=\"elementor-icon-list-text\">Venta de equipos electr\u00f3nicos obsoletos<\/span>\n\t\t\t\t\t\t\t\t\t\t\t<\/a>\n\t\t\t\t\t\t\t\t\t<\/li>\n\t\t\t\t\t\t\t\t<li class=\"elementor-icon-list-item\">\n\t\t\t\t\t\t\t\t\t\t\t<a href=\"https:\/\/neos-electronic.com\/services-vente-de-composants-electroniques-obsoletes\/\" target=\"_blank\">\n\n\t\t\t\t\t\t\t\t\t\t\t\t<span class=\"elementor-icon-list-icon\">\n\t\t\t\t\t\t\t<i aria-hidden=\"true\" class=\"fas fa-chevron-circle-right\"><\/i>\t\t\t\t\t\t<\/span>\n\t\t\t\t\t\t\t\t\t\t<span class=\"elementor-icon-list-text\">Venta de componentes electr\u00f3nicos obsoletos<\/span>\n\t\t\t\t\t\t\t\t\t\t\t<\/a>\n\t\t\t\t\t\t\t\t\t<\/li>\n\t\t\t\t\t\t\t\t<li class=\"elementor-icon-list-item\">\n\t\t\t\t\t\t\t\t\t\t\t<a href=\"https:\/\/neos-electronic.com\/etude-de-perennite\/\" target=\"_blank\">\n\n\t\t\t\t\t\t\t\t\t\t\t\t<span class=\"elementor-icon-list-icon\">\n\t\t\t\t\t\t\t<i aria-hidden=\"true\" class=\"fas fa-chevron-circle-right\"><\/i>\t\t\t\t\t\t<\/span>\n\t\t\t\t\t\t\t\t\t\t<span class=\"elementor-icon-list-text\">Estudio de sostenibilidad<\/span>\n\t\t\t\t\t\t\t\t\t\t\t<\/a>\n\t\t\t\t\t\t\t\t\t<\/li>\n\t\t\t\t\t\t\t\t<li class=\"elementor-icon-list-item\">\n\t\t\t\t\t\t\t\t\t\t\t<a href=\"https:\/\/neos-electronic.com\/services\/veille-composants\/\" target=\"_blank\">\n\n\t\t\t\t\t\t\t\t\t\t\t\t<span class=\"elementor-icon-list-icon\">\n\t\t\t\t\t\t\t<i aria-hidden=\"true\" class=\"fas fa-chevron-circle-right\"><\/i>\t\t\t\t\t\t<\/span>\n\t\t\t\t\t\t\t\t\t\t<span class=\"elementor-icon-list-text\">Vigilancia de la obsolescencia de los componentes<\/span>\n\t\t\t\t\t\t\t\t\t\t\t<\/a>\n\t\t\t\t\t\t\t\t\t<\/li>\n\t\t\t\t\t\t<\/ul>\n\t\t\t\t\t\t<\/div>\n\t\t\t\t<\/div>\n\t\t\t\t\t<\/div>\n\t\t<\/div>\n\t\t\t\t\t<\/div>\n\t\t<\/section>\n\t\t\t\t<\/div>\n\t\t","protected":false},"excerpt":{"rendered":"<p>NEOS Industria ferroviaria Soluciones para el Mantenimiento en Condiciones Operativas (MCO) de los equipos del sector ferroviario. Los desaf\u00edos Industria con ciclos de vida largos. La gesti\u00f3n de la obsolescencia de los sistemas electr\u00f3nicos constituye uno de los principales retos para la industria ferroviaria. Las escaseces recurrentes de componentes, el r\u00e1pido desarrollo de nuevas tecnolog\u00edas [&hellip;]<\/p>\n","protected":false},"author":2,"featured_media":0,"parent":0,"menu_order":0,"comment_status":"closed","ping_status":"closed","template":"elementor_header_footer","meta":{"footnotes":""},"class_list":["post-14052","page","type-page","status-publish","hentry"],"yoast_head":"<!-- This site is optimized with the Yoast SEO plugin v26.4 - https:\/\/yoast.com\/wordpress\/plugins\/seo\/ -->\n<title>Soluciones para el mantenimiento de las condiciones operativas en el sector ferroviario<\/title>\n<meta name=\"description\" content=\"Neos Electronic ofrece soluciones expertas para mantener las condiciones operativas en la industria ferroviaria. La seguridad, la fiabilidad y la competitividad son clave. Descubra nuestras \u00e1reas de especializaci\u00f3n en sistemas de control, climatizaci\u00f3n, frenado e infraestructura ferroviaria.\" \/>\n<meta name=\"robots\" content=\"index, follow, max-snippet:-1, max-image-preview:large, max-video-preview:-1\" \/>\n<link rel=\"canonical\" href=\"https:\/\/neos-electronic.com\/es\/industria-ferroviaria\/\" \/>\n<meta property=\"og:locale\" content=\"es_ES\" \/>\n<meta property=\"og:type\" content=\"article\" \/>\n<meta property=\"og:title\" content=\"Soluciones para el mantenimiento de las condiciones operativas en el sector ferroviario\" \/>\n<meta property=\"og:description\" content=\"Neos Electronic ofrece soluciones expertas para mantener las condiciones operativas en la industria ferroviaria. La seguridad, la fiabilidad y la competitividad son clave. Descubra nuestras \u00e1reas de especializaci\u00f3n en sistemas de control, climatizaci\u00f3n, frenado e infraestructura ferroviaria.\" \/>\n<meta property=\"og:url\" content=\"https:\/\/neos-electronic.com\/es\/industria-ferroviaria\/\" \/>\n<meta property=\"og:site_name\" content=\"Neos Electronic\" \/>\n<meta property=\"article:modified_time\" content=\"2025-10-12T19:27:37+00:00\" \/>\n<meta property=\"og:image\" content=\"https:\/\/neos-electronic.com\/wp-content\/uploads\/2024\/02\/etude-de-cas-ferroviaire.png\" \/>\n<meta name=\"twitter:card\" content=\"summary_large_image\" \/>\n<meta name=\"twitter:label1\" content=\"Tiempo de lectura\" \/>\n\t<meta name=\"twitter:data1\" content=\"1 minuto\" \/>\n<script type=\"application\/ld+json\" class=\"yoast-schema-graph\">{\"@context\":\"https:\/\/schema.org\",\"@graph\":[{\"@type\":\"WebPage\",\"@id\":\"https:\/\/neos-electronic.com\/es\/industria-ferroviaria\/\",\"url\":\"https:\/\/neos-electronic.com\/es\/industria-ferroviaria\/\",\"name\":\"Soluciones para el mantenimiento de las condiciones operativas en el sector ferroviario\",\"isPartOf\":{\"@id\":\"https:\/\/neos-electronic.com\/es\/#website\"},\"primaryImageOfPage\":{\"@id\":\"https:\/\/neos-electronic.com\/es\/industria-ferroviaria\/#primaryimage\"},\"image\":{\"@id\":\"https:\/\/neos-electronic.com\/es\/industria-ferroviaria\/#primaryimage\"},\"thumbnailUrl\":\"https:\/\/neos-electronic.com\/wp-content\/uploads\/2024\/02\/etude-de-cas-ferroviaire.png\",\"datePublished\":\"2024-02-09T11:14:05+00:00\",\"dateModified\":\"2025-10-12T19:27:37+00:00\",\"description\":\"Neos Electronic ofrece soluciones expertas para mantener las condiciones operativas en la industria ferroviaria. La seguridad, la fiabilidad y la competitividad son clave. Descubra nuestras \u00e1reas de especializaci\u00f3n en sistemas de control, climatizaci\u00f3n, frenado e infraestructura ferroviaria.\",\"breadcrumb\":{\"@id\":\"https:\/\/neos-electronic.com\/es\/industria-ferroviaria\/#breadcrumb\"},\"inLanguage\":\"es\",\"potentialAction\":[{\"@type\":\"ReadAction\",\"target\":[\"https:\/\/neos-electronic.com\/es\/industria-ferroviaria\/\"]}]},{\"@type\":\"ImageObject\",\"inLanguage\":\"es\",\"@id\":\"https:\/\/neos-electronic.com\/es\/industria-ferroviaria\/#primaryimage\",\"url\":\"https:\/\/neos-electronic.com\/wp-content\/uploads\/2024\/02\/etude-de-cas-ferroviaire.png\",\"contentUrl\":\"https:\/\/neos-electronic.com\/wp-content\/uploads\/2024\/02\/etude-de-cas-ferroviaire.png\"},{\"@type\":\"BreadcrumbList\",\"@id\":\"https:\/\/neos-electronic.com\/es\/industria-ferroviaria\/#breadcrumb\",\"itemListElement\":[{\"@type\":\"ListItem\",\"position\":1,\"name\":\"Home\",\"item\":\"https:\/\/neos-electronic.com\/es\/inicio\/\"},{\"@type\":\"ListItem\",\"position\":2,\"name\":\"Industria ferroviaria\"}]},{\"@type\":\"WebSite\",\"@id\":\"https:\/\/neos-electronic.com\/es\/#website\",\"url\":\"https:\/\/neos-electronic.com\/es\/\",\"name\":\"Neos Electronic\",\"description\":\"Maintien en Conditions Op\u00e9rationnelles\",\"publisher\":{\"@id\":\"https:\/\/neos-electronic.com\/es\/#organization\"},\"potentialAction\":[{\"@type\":\"SearchAction\",\"target\":{\"@type\":\"EntryPoint\",\"urlTemplate\":\"https:\/\/neos-electronic.com\/es\/?s={search_term_string}\"},\"query-input\":{\"@type\":\"PropertyValueSpecification\",\"valueRequired\":true,\"valueName\":\"search_term_string\"}}],\"inLanguage\":\"es\"},{\"@type\":\"Organization\",\"@id\":\"https:\/\/neos-electronic.com\/es\/#organization\",\"name\":\"Neos Electronic\",\"url\":\"https:\/\/neos-electronic.com\/es\/\",\"logo\":{\"@type\":\"ImageObject\",\"inLanguage\":\"es\",\"@id\":\"https:\/\/neos-electronic.com\/es\/#\/schema\/logo\/image\/\",\"url\":\"https:\/\/neos-electronic.com\/wp-content\/uploads\/2023\/09\/logo.png\",\"contentUrl\":\"https:\/\/neos-electronic.com\/wp-content\/uploads\/2023\/09\/logo.png\",\"width\":205,\"height\":206,\"caption\":\"Neos Electronic\"},\"image\":{\"@id\":\"https:\/\/neos-electronic.com\/es\/#\/schema\/logo\/image\/\"}}]}<\/script>\n<!-- \/ Yoast SEO plugin. -->","yoast_head_json":{"title":"Soluciones para el mantenimiento de las condiciones operativas en el sector ferroviario","description":"Neos Electronic ofrece soluciones expertas para mantener las condiciones operativas en la industria ferroviaria. La seguridad, la fiabilidad y la competitividad son clave. Descubra nuestras \u00e1reas de especializaci\u00f3n en sistemas de control, climatizaci\u00f3n, frenado e infraestructura ferroviaria.","robots":{"index":"index","follow":"follow","max-snippet":"max-snippet:-1","max-image-preview":"max-image-preview:large","max-video-preview":"max-video-preview:-1"},"canonical":"https:\/\/neos-electronic.com\/es\/industria-ferroviaria\/","og_locale":"es_ES","og_type":"article","og_title":"Soluciones para el mantenimiento de las condiciones operativas en el sector ferroviario","og_description":"Neos Electronic ofrece soluciones expertas para mantener las condiciones operativas en la industria ferroviaria. La seguridad, la fiabilidad y la competitividad son clave. Descubra nuestras \u00e1reas de especializaci\u00f3n en sistemas de control, climatizaci\u00f3n, frenado e infraestructura ferroviaria.","og_url":"https:\/\/neos-electronic.com\/es\/industria-ferroviaria\/","og_site_name":"Neos Electronic","article_modified_time":"2025-10-12T19:27:37+00:00","og_image":[{"url":"https:\/\/neos-electronic.com\/wp-content\/uploads\/2024\/02\/etude-de-cas-ferroviaire.png","type":"","width":"","height":""}],"twitter_card":"summary_large_image","twitter_misc":{"Tiempo de lectura":"1 minuto"},"schema":{"@context":"https:\/\/schema.org","@graph":[{"@type":"WebPage","@id":"https:\/\/neos-electronic.com\/es\/industria-ferroviaria\/","url":"https:\/\/neos-electronic.com\/es\/industria-ferroviaria\/","name":"Soluciones para el mantenimiento de las condiciones operativas en el sector ferroviario","isPartOf":{"@id":"https:\/\/neos-electronic.com\/es\/#website"},"primaryImageOfPage":{"@id":"https:\/\/neos-electronic.com\/es\/industria-ferroviaria\/#primaryimage"},"image":{"@id":"https:\/\/neos-electronic.com\/es\/industria-ferroviaria\/#primaryimage"},"thumbnailUrl":"https:\/\/neos-electronic.com\/wp-content\/uploads\/2024\/02\/etude-de-cas-ferroviaire.png","datePublished":"2024-02-09T11:14:05+00:00","dateModified":"2025-10-12T19:27:37+00:00","description":"Neos Electronic ofrece soluciones expertas para mantener las condiciones operativas en la industria ferroviaria. La seguridad, la fiabilidad y la competitividad son clave. Descubra nuestras \u00e1reas de especializaci\u00f3n en sistemas de control, climatizaci\u00f3n, frenado e infraestructura ferroviaria.","breadcrumb":{"@id":"https:\/\/neos-electronic.com\/es\/industria-ferroviaria\/#breadcrumb"},"inLanguage":"es","potentialAction":[{"@type":"ReadAction","target":["https:\/\/neos-electronic.com\/es\/industria-ferroviaria\/"]}]},{"@type":"ImageObject","inLanguage":"es","@id":"https:\/\/neos-electronic.com\/es\/industria-ferroviaria\/#primaryimage","url":"https:\/\/neos-electronic.com\/wp-content\/uploads\/2024\/02\/etude-de-cas-ferroviaire.png","contentUrl":"https:\/\/neos-electronic.com\/wp-content\/uploads\/2024\/02\/etude-de-cas-ferroviaire.png"},{"@type":"BreadcrumbList","@id":"https:\/\/neos-electronic.com\/es\/industria-ferroviaria\/#breadcrumb","itemListElement":[{"@type":"ListItem","position":1,"name":"Home","item":"https:\/\/neos-electronic.com\/es\/inicio\/"},{"@type":"ListItem","position":2,"name":"Industria ferroviaria"}]},{"@type":"WebSite","@id":"https:\/\/neos-electronic.com\/es\/#website","url":"https:\/\/neos-electronic.com\/es\/","name":"Neos Electronic","description":"Maintien en Conditions Op\u00e9rationnelles","publisher":{"@id":"https:\/\/neos-electronic.com\/es\/#organization"},"potentialAction":[{"@type":"SearchAction","target":{"@type":"EntryPoint","urlTemplate":"https:\/\/neos-electronic.com\/es\/?s={search_term_string}"},"query-input":{"@type":"PropertyValueSpecification","valueRequired":true,"valueName":"search_term_string"}}],"inLanguage":"es"},{"@type":"Organization","@id":"https:\/\/neos-electronic.com\/es\/#organization","name":"Neos Electronic","url":"https:\/\/neos-electronic.com\/es\/","logo":{"@type":"ImageObject","inLanguage":"es","@id":"https:\/\/neos-electronic.com\/es\/#\/schema\/logo\/image\/","url":"https:\/\/neos-electronic.com\/wp-content\/uploads\/2023\/09\/logo.png","contentUrl":"https:\/\/neos-electronic.com\/wp-content\/uploads\/2023\/09\/logo.png","width":205,"height":206,"caption":"Neos Electronic"},"image":{"@id":"https:\/\/neos-electronic.com\/es\/#\/schema\/logo\/image\/"}}]}},"_links":{"self":[{"href":"https:\/\/neos-electronic.com\/es\/wp-json\/wp\/v2\/pages\/14052","targetHints":{"allow":["GET"]}}],"collection":[{"href":"https:\/\/neos-electronic.com\/es\/wp-json\/wp\/v2\/pages"}],"about":[{"href":"https:\/\/neos-electronic.com\/es\/wp-json\/wp\/v2\/types\/page"}],"author":[{"embeddable":true,"href":"https:\/\/neos-electronic.com\/es\/wp-json\/wp\/v2\/users\/2"}],"replies":[{"embeddable":true,"href":"https:\/\/neos-electronic.com\/es\/wp-json\/wp\/v2\/comments?post=14052"}],"version-history":[{"count":3,"href":"https:\/\/neos-electronic.com\/es\/wp-json\/wp\/v2\/pages\/14052\/revisions"}],"predecessor-version":[{"id":14074,"href":"https:\/\/neos-electronic.com\/es\/wp-json\/wp\/v2\/pages\/14052\/revisions\/14074"}],"wp:attachment":[{"href":"https:\/\/neos-electronic.com\/es\/wp-json\/wp\/v2\/media?parent=14052"}],"curies":[{"name":"wp","href":"https:\/\/api.w.org\/{rel}","templated":true}]}}