{"id":13988,"date":"2024-02-23T09:58:50","date_gmt":"2024-02-23T08:58:50","guid":{"rendered":"https:\/\/neos-electronic.com\/industria-de-defensa\/"},"modified":"2025-06-12T13:20:53","modified_gmt":"2025-06-12T11:20:53","slug":"industria-de-defensa","status":"publish","type":"page","link":"https:\/\/neos-electronic.com\/es\/industria-de-defensa\/","title":{"rendered":"Industria de defensa"},"content":{"rendered":"\t\t<div data-elementor-type=\"wp-page\" data-elementor-id=\"13988\" class=\"elementor elementor-13988 elementor-12067\" data-elementor-post-type=\"page\">\n\t\t\t\t<div class=\"elementor-element elementor-element-4e2478b5 e-flex e-con-boxed e-con e-parent\" data-id=\"4e2478b5\" data-element_type=\"container\">\n\t\t\t\t\t<div class=\"e-con-inner\">\n\t\t\t\t\t<\/div>\n\t\t\t\t<\/div>\n\t\t\t\t<section class=\"elementor-section elementor-top-section elementor-element elementor-element-fa9b2a2 elementor-section-stretched elementor-section-boxed elementor-section-height-default elementor-section-height-default\" data-id=\"fa9b2a2\" data-element_type=\"section\" data-settings=\"{&quot;background_background&quot;:&quot;classic&quot;,&quot;stretch_section&quot;:&quot;section-stretched&quot;}\">\n\t\t\t\t\t\t\t<div class=\"elementor-background-overlay\"><\/div>\n\t\t\t\t\t\t\t<div class=\"elementor-container elementor-column-gap-no\">\n\t\t\t\t\t<div class=\"elementor-column elementor-col-50 elementor-top-column elementor-element elementor-element-773dce6\" data-id=\"773dce6\" data-element_type=\"column\">\n\t\t\t<div class=\"elementor-widget-wrap elementor-element-populated\">\n\t\t\t\t\t\t<div class=\"elementor-element elementor-element-e48400d elementor-widget elementor-widget-auntri_elementor_ova_image\" data-id=\"e48400d\" data-element_type=\"widget\" data-widget_type=\"auntri_elementor_ova_image.default\">\n\t\t\t\t<div class=\"elementor-widget-container\">\n\t\t\t\t\t\n\t\t\t\t\t<div class=\"ova-image version_2\">\n\t\t\t\t\t\t\t\t\t\n\t\t\t\t\t\t\t\t\t\t<span  class=\"text-content-2\">\n\t\t\t\t\t\tNEOS\t\t\t\t\t<\/span>\n\t\t\t\t\n\t\t\t\t<img decoding=\"async\" src=\"https:\/\/neos-electronic.com\/wp-content\/uploads\/2024\/02\/Industrie-defense.png\" alt=\"\">\n\n\t\t\t\t\n\t\t\t\t\n\t\t\t\t\n\t\t\t<\/div>\n\t\t\t\t \t\n\t\t\t\t\t\t<\/div>\n\t\t\t\t<\/div>\n\t\t\t\t\t<\/div>\n\t\t<\/div>\n\t\t\t\t<div class=\"elementor-column elementor-col-50 elementor-top-column elementor-element elementor-element-1fb8c91\" data-id=\"1fb8c91\" data-element_type=\"column\">\n\t\t\t<div class=\"elementor-widget-wrap elementor-element-populated\">\n\t\t\t\t\t\t<div class=\"elementor-element elementor-element-33aa559 elementor-widget elementor-widget-auntri_elementor_heading\" data-id=\"33aa559\" data-element_type=\"widget\" data-widget_type=\"auntri_elementor_heading.default\">\n\t\t\t\t<div class=\"elementor-widget-container\">\n\t\t\t\t\t\n\t\t<div class=\"ova-title\">\n\n\t\t\t\t\t\t\t<h3 class=\"sub-title\">Industria de defensa<\/h3>\n\t\t\t\n\t\t\t\t\t\t\t\n\t\t\t\t\t\t\t\t\t<div class=\"box-title\">\n\t\t\t\t\t\t<div class=\"line-top\"><\/div>\n\t\t\t\t\n\t\t\t\t\t\n\t\t\t\t\t\t<h2 class=\"title\">Gesti\u00f3n de la obsolescencia para las industrias militar y de defensa<\/h2>\n\n\t\t\t\t\t\n\t\t\t\t\t\t\t\t\t<\/div>\n\t\t\t\t\n\t\t\t\n\t\t\t\n\t\t<\/div>\n\t\t \t\n\t\t\t\t\t\t<\/div>\n\t\t\t\t<\/div>\n\t\t\t\t<div class=\"elementor-element elementor-element-653d8c9 elementor-widget elementor-widget-text-editor\" data-id=\"653d8c9\" data-element_type=\"widget\" data-widget_type=\"text-editor.default\">\n\t\t\t\t<div class=\"elementor-widget-container\">\n\t\t\t\t\t\t\t\t\t<h1><strong>Los problemas<\/strong><\/h1><p>La industria militar y de defensa se enfrenta a retos en t\u00e9rminos de obsolescencia tecnol\u00f3gica debido a la prolongada vida \u00fatil de sus productos. Los equipos militares, como los aviones de combate y de simulaci\u00f3n, los veh\u00edculos terrestres y los radares, est\u00e1n dise\u00f1ados para durar d\u00e9cadas. Sin embargo, los componentes electr\u00f3nicos y los sistemas inform\u00e1ticos evolucionan a gran velocidad, lo que crea una brecha importante entre los ciclos de vida de los productos y los componentes. Esta disparidad requiere la aplicaci\u00f3n de estrategias eficaces de gesti\u00f3n de la obsolescencia para hacer frente a retos como:<\/p><ul><li>Mantener la compatibilidad del sistema a lo largo de su vida operativa.<\/li><li>Gestionar los crecientes costes de mantenimiento asociados a la obsolescencia de componentes y sistemas.<\/li><li>Cumplir una normativa estricta y en constante cambio, espec\u00edfica del sector militar y de defensa.<\/li><\/ul>\t\t\t\t\t\t\t\t<\/div>\n\t\t\t\t<\/div>\n\t\t\t\t\t<\/div>\n\t\t<\/div>\n\t\t\t\t\t<\/div>\n\t\t<\/section>\n\t\t\t\t<section class=\"elementor-section elementor-top-section elementor-element elementor-element-5e88d7e elementor-section-stretched elementor-section-boxed elementor-section-height-default elementor-section-height-default\" data-id=\"5e88d7e\" data-element_type=\"section\" data-settings=\"{&quot;stretch_section&quot;:&quot;section-stretched&quot;}\">\n\t\t\t\t\t\t<div class=\"elementor-container elementor-column-gap-no\">\n\t\t\t\t\t<div class=\"elementor-column elementor-col-50 elementor-top-column elementor-element elementor-element-0f6d53f\" data-id=\"0f6d53f\" data-element_type=\"column\">\n\t\t\t<div class=\"elementor-widget-wrap elementor-element-populated\">\n\t\t\t\t\t\t<div class=\"elementor-element elementor-element-f8b29b5 elementor-widget elementor-widget-text-editor\" data-id=\"f8b29b5\" data-element_type=\"widget\" data-widget_type=\"text-editor.default\">\n\t\t\t\t<div class=\"elementor-widget-container\">\n\t\t\t\t\t\t\t\t\t<h1>Nuestros campos de aplicaci\u00f3n en la industria de defensa<\/h1>\t\t\t\t\t\t\t\t<\/div>\n\t\t\t\t<\/div>\n\t\t\t\t<div class=\"elementor-element elementor-element-b579a29 elementor-icon-list--layout-traditional elementor-list-item-link-full_width elementor-invisible elementor-widget elementor-widget-icon-list\" data-id=\"b579a29\" data-element_type=\"widget\" data-settings=\"{&quot;_animation&quot;:&quot;slideInUp&quot;}\" data-widget_type=\"icon-list.default\">\n\t\t\t\t<div class=\"elementor-widget-container\">\n\t\t\t\t\t\t\t<ul class=\"elementor-icon-list-items\">\n\t\t\t\t\t\t\t<li class=\"elementor-icon-list-item\">\n\t\t\t\t\t\t\t\t\t\t\t<span class=\"elementor-icon-list-icon\">\n\t\t\t\t\t\t\t<i aria-hidden=\"true\" class=\"fas fa-chevron-circle-right\"><\/i>\t\t\t\t\t\t<\/span>\n\t\t\t\t\t\t\t\t\t\t<span class=\"elementor-icon-list-text\">Electr\u00f3nica y procesamiento de se\u00f1ales<\/span>\n\t\t\t\t\t\t\t\t\t<\/li>\n\t\t\t\t\t\t\t\t<li class=\"elementor-icon-list-item\">\n\t\t\t\t\t\t\t\t\t\t\t<span class=\"elementor-icon-list-icon\">\n\t\t\t\t\t\t\t<i aria-hidden=\"true\" class=\"fas fa-chevron-circle-right\"><\/i>\t\t\t\t\t\t<\/span>\n\t\t\t\t\t\t\t\t\t\t<span class=\"elementor-icon-list-text\">Electr\u00f3nica de potencia<\/span>\n\t\t\t\t\t\t\t\t\t<\/li>\n\t\t\t\t\t\t\t\t<li class=\"elementor-icon-list-item\">\n\t\t\t\t\t\t\t\t\t\t\t<span class=\"elementor-icon-list-icon\">\n\t\t\t\t\t\t\t<i aria-hidden=\"true\" class=\"fas fa-chevron-circle-right\"><\/i>\t\t\t\t\t\t<\/span>\n\t\t\t\t\t\t\t\t\t\t<span class=\"elementor-icon-list-text\">Soluciones para bancos de pruebas<\/span>\n\t\t\t\t\t\t\t\t\t<\/li>\n\t\t\t\t\t\t\t\t<li class=\"elementor-icon-list-item\">\n\t\t\t\t\t\t\t\t\t\t\t<span class=\"elementor-icon-list-icon\">\n\t\t\t\t\t\t\t<i aria-hidden=\"true\" class=\"fas fa-chevron-circle-right\"><\/i>\t\t\t\t\t\t<\/span>\n\t\t\t\t\t\t\t\t\t\t<span class=\"elementor-icon-list-text\">Aplicaci\u00f3n de normas de montaje electr\u00f3nico<\/span>\n\t\t\t\t\t\t\t\t\t<\/li>\n\t\t\t\t\t\t\t\t<li class=\"elementor-icon-list-item\">\n\t\t\t\t\t\t\t\t\t\t\t<span class=\"elementor-icon-list-icon\">\n\t\t\t\t\t\t\t<i aria-hidden=\"true\" class=\"fas fa-chevron-circle-right\"><\/i>\t\t\t\t\t\t<\/span>\n\t\t\t\t\t\t\t\t\t\t<span class=\"elementor-icon-list-text\">Experiencia en grados del componente militar<\/span>\n\t\t\t\t\t\t\t\t\t<\/li>\n\t\t\t\t\t\t<\/ul>\n\t\t\t\t\t\t<\/div>\n\t\t\t\t<\/div>\n\t\t\t\t\t<\/div>\n\t\t<\/div>\n\t\t\t\t<div class=\"elementor-column elementor-col-50 elementor-top-column elementor-element elementor-element-0f0277f\" data-id=\"0f0277f\" data-element_type=\"column\">\n\t\t\t<div class=\"elementor-widget-wrap elementor-element-populated\">\n\t\t\t\t\t\t<div class=\"elementor-element elementor-element-3808e10 elementor-widget elementor-widget-auntri_elementor_ova_image\" data-id=\"3808e10\" data-element_type=\"widget\" data-widget_type=\"auntri_elementor_ova_image.default\">\n\t\t\t\t<div class=\"elementor-widget-container\">\n\t\t\t\t\t\n\t\t\t\t\t<div class=\"ova-image version_2\">\n\t\t\t\t\t\t\t\t\t\n\t\t\t\t\t\t\t\t\t\t<span  class=\"text-content-2\">\n\t\t\t\t\t\tNEOS\t\t\t\t\t<\/span>\n\t\t\t\t\n\t\t\t\t<img decoding=\"async\" src=\"https:\/\/neos-electronic.com\/wp-content\/uploads\/2024\/02\/industrie-militaire-cockpit-.png\" alt=\"\">\n\n\t\t\t\t\n\t\t\t\t\n\t\t\t\t\n\t\t\t<\/div>\n\t\t\t\t \t\n\t\t\t\t\t\t<\/div>\n\t\t\t\t<\/div>\n\t\t\t\t\t<\/div>\n\t\t<\/div>\n\t\t\t\t\t<\/div>\n\t\t<\/section>\n\t\t\t\t<section class=\"elementor-section elementor-top-section elementor-element elementor-element-24618ff elementor-section-content-middle elementor-section-stretched elementor-section-boxed elementor-section-height-default elementor-section-height-default\" data-id=\"24618ff\" data-element_type=\"section\" data-settings=\"{&quot;background_background&quot;:&quot;classic&quot;,&quot;shape_divider_top&quot;:&quot;arrow&quot;,&quot;stretch_section&quot;:&quot;section-stretched&quot;}\">\n\t\t\t\t\t\t\t<div class=\"elementor-background-overlay\"><\/div>\n\t\t\t\t\t\t<div class=\"elementor-shape elementor-shape-top\" aria-hidden=\"true\" data-negative=\"false\">\n\t\t\t<svg xmlns=\"http:\/\/www.w3.org\/2000\/svg\" viewBox=\"0 0 700 10\" preserveAspectRatio=\"none\">\n\t<path class=\"elementor-shape-fill\" d=\"M350,10L340,0h20L350,10z\"\/>\n<\/svg>\t\t<\/div>\n\t\t\t\t\t<div class=\"elementor-container elementor-column-gap-no\">\n\t\t\t\t\t<div class=\"elementor-column elementor-col-50 elementor-top-column elementor-element elementor-element-888564c\" data-id=\"888564c\" data-element_type=\"column\">\n\t\t\t<div class=\"elementor-widget-wrap elementor-element-populated\">\n\t\t\t\t\t\t<div class=\"elementor-element elementor-element-3e01832 elementor-widget elementor-widget-auntri_elementor_heading\" data-id=\"3e01832\" data-element_type=\"widget\" data-widget_type=\"auntri_elementor_heading.default\">\n\t\t\t\t<div class=\"elementor-widget-container\">\n\t\t\t\t\t\n\t\t<div class=\"ova-title\">\n\n\t\t\t\t\t\t\t<h3 class=\"sub-title\">Nuestras soluciones<\/h3>\n\t\t\t\n\t\t\t\t\t\t\t\n\t\t\t\t\t\t\t\t\t<div class=\"box-title\">\n\t\t\t\t\t\t<div class=\"line-top\"><\/div>\n\t\t\t\t\n\t\t\t\t\t\n\t\t\t\t\t\t<h6 class=\"title\">Nuestras \u00e1reas de especializaci\u00f3n<\/h6>\n\n\t\t\t\t\t\n\t\t\t\t\t\t\t\t\t<\/div>\n\t\t\t\t\n\t\t\t\n\t\t\t\n\t\t<\/div>\n\t\t \t\n\t\t\t\t\t\t<\/div>\n\t\t\t\t<\/div>\n\t\t\t\t<div class=\"elementor-element elementor-element-2b880f3 elementor-widget elementor-widget-text-editor\" data-id=\"2b880f3\" data-element_type=\"widget\" data-widget_type=\"text-editor.default\">\n\t\t\t\t<div class=\"elementor-widget-container\">\n\t\t\t\t\t\t\t\t\t<p><span class=\"NormalTextRun SpellingErrorV2Themed SCXW166426636 BCX0\">Neos<\/span> <span class=\"NormalTextRun SpellingErrorV2Themed SCXW166426636 BCX0\">Electr\u00f3nica<\/span><span class=\"NormalTextRun SCXW166426636 BCX0\"> ofrece soluciones para el Mantenimiento en Condiciones Operativas de sistemas electr\u00f3nicos industriales: <\/span> <\/p>\t\t\t\t\t\t\t\t<\/div>\n\t\t\t\t<\/div>\n\t\t\t\t\t<\/div>\n\t\t<\/div>\n\t\t\t\t<div class=\"elementor-column elementor-col-50 elementor-top-column elementor-element elementor-element-5b227e9\" data-id=\"5b227e9\" data-element_type=\"column\">\n\t\t\t<div class=\"elementor-widget-wrap elementor-element-populated\">\n\t\t\t\t\t\t<div class=\"elementor-element elementor-element-15c774c elementor-align-left elementor-icon-list--layout-traditional elementor-list-item-link-full_width elementor-invisible elementor-widget elementor-widget-icon-list\" data-id=\"15c774c\" data-element_type=\"widget\" data-settings=\"{&quot;_animation&quot;:&quot;slideInRight&quot;}\" data-widget_type=\"icon-list.default\">\n\t\t\t\t<div class=\"elementor-widget-container\">\n\t\t\t\t\t\t\t<ul class=\"elementor-icon-list-items\">\n\t\t\t\t\t\t\t<li class=\"elementor-icon-list-item\">\n\t\t\t\t\t\t\t\t\t\t\t<a href=\"https:\/\/neos-electronic.com\/services-clonage-cartes-electroniques\/\" target=\"_blank\">\n\n\t\t\t\t\t\t\t\t\t\t\t\t<span class=\"elementor-icon-list-icon\">\n\t\t\t\t\t\t\t<i aria-hidden=\"true\" class=\"fas fa-chevron-circle-right\"><\/i>\t\t\t\t\t\t<\/span>\n\t\t\t\t\t\t\t\t\t\t<span class=\"elementor-icon-list-text\">Clonaci\u00f3n de sistemas electr\u00f3nicos  <\/span>\n\t\t\t\t\t\t\t\t\t\t\t<\/a>\n\t\t\t\t\t\t\t\t\t<\/li>\n\t\t\t\t\t\t\t\t<li class=\"elementor-icon-list-item\">\n\t\t\t\t\t\t\t\t\t\t\t<a href=\"https:\/\/neos-electronic.com\/conception-eletronique\/\" target=\"_blank\">\n\n\t\t\t\t\t\t\t\t\t\t\t\t<span class=\"elementor-icon-list-icon\">\n\t\t\t\t\t\t\t<i aria-hidden=\"true\" class=\"fas fa-chevron-circle-right\"><\/i>\t\t\t\t\t\t<\/span>\n\t\t\t\t\t\t\t\t\t\t<span class=\"elementor-icon-list-text\">Dise\u00f1o electr\u00f3nico<\/span>\n\t\t\t\t\t\t\t\t\t\t\t<\/a>\n\t\t\t\t\t\t\t\t\t<\/li>\n\t\t\t\t\t\t\t\t<li class=\"elementor-icon-list-item\">\n\t\t\t\t\t\t\t\t\t\t\t<a href=\"https:\/\/neos-electronic.com\/retro-ingenierie\/\" target=\"_blank\">\n\n\t\t\t\t\t\t\t\t\t\t\t\t<span class=\"elementor-icon-list-icon\">\n\t\t\t\t\t\t\t<i aria-hidden=\"true\" class=\"fas fa-chevron-circle-right\"><\/i>\t\t\t\t\t\t<\/span>\n\t\t\t\t\t\t\t\t\t\t<span class=\"elementor-icon-list-text\">Ingenier\u00eda inversa<\/span>\n\t\t\t\t\t\t\t\t\t\t\t<\/a>\n\t\t\t\t\t\t\t\t\t<\/li>\n\t\t\t\t\t\t\t\t<li class=\"elementor-icon-list-item\">\n\t\t\t\t\t\t\t\t\t\t\t<a href=\"https:\/\/neos-electronic.com\/formation\/\" target=\"_blank\">\n\n\t\t\t\t\t\t\t\t\t\t\t\t<span class=\"elementor-icon-list-icon\">\n\t\t\t\t\t\t\t<i aria-hidden=\"true\" class=\"fas fa-chevron-circle-right\"><\/i>\t\t\t\t\t\t<\/span>\n\t\t\t\t\t\t\t\t\t\t<span class=\"elementor-icon-list-text\">Formaci\u00f3n en mantenimiento de equipos<\/span>\n\t\t\t\t\t\t\t\t\t\t\t<\/a>\n\t\t\t\t\t\t\t\t\t<\/li>\n\t\t\t\t\t\t\t\t<li class=\"elementor-icon-list-item\">\n\t\t\t\t\t\t\t\t\t\t\t<a href=\"https:\/\/neos-electronic.com\/services-vente-de-materiel-electronique-obsolete\/\" target=\"_blank\">\n\n\t\t\t\t\t\t\t\t\t\t\t\t<span class=\"elementor-icon-list-icon\">\n\t\t\t\t\t\t\t<i aria-hidden=\"true\" class=\"fas fa-chevron-circle-right\"><\/i>\t\t\t\t\t\t<\/span>\n\t\t\t\t\t\t\t\t\t\t<span class=\"elementor-icon-list-text\">Venta de equipos electr\u00f3nicos obsoletos<\/span>\n\t\t\t\t\t\t\t\t\t\t\t<\/a>\n\t\t\t\t\t\t\t\t\t<\/li>\n\t\t\t\t\t\t\t\t<li class=\"elementor-icon-list-item\">\n\t\t\t\t\t\t\t\t\t\t\t<a href=\"https:\/\/neos-electronic.com\/services-vente-de-composants-electroniques-obsoletes\/\" target=\"_blank\">\n\n\t\t\t\t\t\t\t\t\t\t\t\t<span class=\"elementor-icon-list-icon\">\n\t\t\t\t\t\t\t<i aria-hidden=\"true\" class=\"fas fa-chevron-circle-right\"><\/i>\t\t\t\t\t\t<\/span>\n\t\t\t\t\t\t\t\t\t\t<span class=\"elementor-icon-list-text\">Venta de componentes electr\u00f3nicos obsoletos<\/span>\n\t\t\t\t\t\t\t\t\t\t\t<\/a>\n\t\t\t\t\t\t\t\t\t<\/li>\n\t\t\t\t\t\t\t\t<li class=\"elementor-icon-list-item\">\n\t\t\t\t\t\t\t\t\t\t\t<a href=\"https:\/\/neos-electronic.com\/etude-de-perennite\/\" target=\"_blank\">\n\n\t\t\t\t\t\t\t\t\t\t\t\t<span class=\"elementor-icon-list-icon\">\n\t\t\t\t\t\t\t<i aria-hidden=\"true\" class=\"fas fa-chevron-circle-right\"><\/i>\t\t\t\t\t\t<\/span>\n\t\t\t\t\t\t\t\t\t\t<span class=\"elementor-icon-list-text\">Estudio de sostenibilidad<\/span>\n\t\t\t\t\t\t\t\t\t\t\t<\/a>\n\t\t\t\t\t\t\t\t\t<\/li>\n\t\t\t\t\t\t\t\t<li class=\"elementor-icon-list-item\">\n\t\t\t\t\t\t\t\t\t\t\t<a href=\"https:\/\/neos-electronic.com\/services\/veille-composants\/\" target=\"_blank\">\n\n\t\t\t\t\t\t\t\t\t\t\t\t<span class=\"elementor-icon-list-icon\">\n\t\t\t\t\t\t\t<i aria-hidden=\"true\" class=\"fas fa-chevron-circle-right\"><\/i>\t\t\t\t\t\t<\/span>\n\t\t\t\t\t\t\t\t\t\t<span class=\"elementor-icon-list-text\">Vigilancia de la obsolescencia de los componentes<\/span>\n\t\t\t\t\t\t\t\t\t\t\t<\/a>\n\t\t\t\t\t\t\t\t\t<\/li>\n\t\t\t\t\t\t<\/ul>\n\t\t\t\t\t\t<\/div>\n\t\t\t\t<\/div>\n\t\t\t\t\t<\/div>\n\t\t<\/div>\n\t\t\t\t\t<\/div>\n\t\t<\/section>\n\t\t\t\t<\/div>\n\t\t","protected":false},"excerpt":{"rendered":"<p>NEOS Industria de defensa Gesti\u00f3n de la obsolescencia para las industrias militar y de defensa Los problemas La industria militar y de defensa se enfrenta a retos en t\u00e9rminos de obsolescencia tecnol\u00f3gica debido a la prolongada vida \u00fatil de sus productos. Los equipos militares, como los aviones de combate y de simulaci\u00f3n, los veh\u00edculos terrestres [&hellip;]<\/p>\n","protected":false},"author":2,"featured_media":0,"parent":0,"menu_order":0,"comment_status":"closed","ping_status":"closed","template":"elementor_header_footer","meta":{"footnotes":""},"class_list":["post-13988","page","type-page","status-publish","hentry"],"yoast_head":"<!-- This site is optimized with the Yoast SEO plugin v26.4 - https:\/\/yoast.com\/wordpress\/plugins\/seo\/ -->\n<title>Industria de defensa - Neos Electronic<\/title>\n<meta name=\"robots\" content=\"index, follow, max-snippet:-1, max-image-preview:large, max-video-preview:-1\" \/>\n<link rel=\"canonical\" href=\"https:\/\/neos-electronic.com\/es\/industria-de-defensa\/\" \/>\n<meta property=\"og:locale\" content=\"es_ES\" \/>\n<meta property=\"og:type\" content=\"article\" \/>\n<meta property=\"og:title\" content=\"Industria de defensa - Neos Electronic\" \/>\n<meta property=\"og:description\" content=\"NEOS Industria de defensa Gesti\u00f3n de la obsolescencia para las industrias militar y de defensa Los problemas La industria militar y de defensa se enfrenta a retos en t\u00e9rminos de obsolescencia tecnol\u00f3gica debido a la prolongada vida \u00fatil de sus productos. Los equipos militares, como los aviones de combate y de simulaci\u00f3n, los veh\u00edculos terrestres [&hellip;]\" \/>\n<meta property=\"og:url\" content=\"https:\/\/neos-electronic.com\/es\/industria-de-defensa\/\" \/>\n<meta property=\"og:site_name\" content=\"Neos Electronic\" \/>\n<meta property=\"article:modified_time\" content=\"2025-06-12T11:20:53+00:00\" \/>\n<meta property=\"og:image\" content=\"https:\/\/neos-electronic.com\/wp-content\/uploads\/2024\/02\/Industrie-defense.png\" \/>\n<meta name=\"twitter:card\" content=\"summary_large_image\" \/>\n<meta name=\"twitter:label1\" content=\"Tiempo de lectura\" \/>\n\t<meta name=\"twitter:data1\" content=\"1 minuto\" \/>\n<script type=\"application\/ld+json\" class=\"yoast-schema-graph\">{\"@context\":\"https:\/\/schema.org\",\"@graph\":[{\"@type\":\"WebPage\",\"@id\":\"https:\/\/neos-electronic.com\/es\/industria-de-defensa\/\",\"url\":\"https:\/\/neos-electronic.com\/es\/industria-de-defensa\/\",\"name\":\"Industria de defensa - Neos Electronic\",\"isPartOf\":{\"@id\":\"https:\/\/neos-electronic.com\/es\/#website\"},\"primaryImageOfPage\":{\"@id\":\"https:\/\/neos-electronic.com\/es\/industria-de-defensa\/#primaryimage\"},\"image\":{\"@id\":\"https:\/\/neos-electronic.com\/es\/industria-de-defensa\/#primaryimage\"},\"thumbnailUrl\":\"https:\/\/neos-electronic.com\/wp-content\/uploads\/2024\/02\/Industrie-defense.png\",\"datePublished\":\"2024-02-23T08:58:50+00:00\",\"dateModified\":\"2025-06-12T11:20:53+00:00\",\"breadcrumb\":{\"@id\":\"https:\/\/neos-electronic.com\/es\/industria-de-defensa\/#breadcrumb\"},\"inLanguage\":\"es\",\"potentialAction\":[{\"@type\":\"ReadAction\",\"target\":[\"https:\/\/neos-electronic.com\/es\/industria-de-defensa\/\"]}]},{\"@type\":\"ImageObject\",\"inLanguage\":\"es\",\"@id\":\"https:\/\/neos-electronic.com\/es\/industria-de-defensa\/#primaryimage\",\"url\":\"https:\/\/neos-electronic.com\/wp-content\/uploads\/2024\/02\/Industrie-defense.png\",\"contentUrl\":\"https:\/\/neos-electronic.com\/wp-content\/uploads\/2024\/02\/Industrie-defense.png\"},{\"@type\":\"BreadcrumbList\",\"@id\":\"https:\/\/neos-electronic.com\/es\/industria-de-defensa\/#breadcrumb\",\"itemListElement\":[{\"@type\":\"ListItem\",\"position\":1,\"name\":\"Home\",\"item\":\"https:\/\/neos-electronic.com\/es\/inicio\/\"},{\"@type\":\"ListItem\",\"position\":2,\"name\":\"Industria de defensa\"}]},{\"@type\":\"WebSite\",\"@id\":\"https:\/\/neos-electronic.com\/es\/#website\",\"url\":\"https:\/\/neos-electronic.com\/es\/\",\"name\":\"Neos Electronic\",\"description\":\"Maintien en Conditions Op\u00e9rationnelles\",\"publisher\":{\"@id\":\"https:\/\/neos-electronic.com\/es\/#organization\"},\"potentialAction\":[{\"@type\":\"SearchAction\",\"target\":{\"@type\":\"EntryPoint\",\"urlTemplate\":\"https:\/\/neos-electronic.com\/es\/?s={search_term_string}\"},\"query-input\":{\"@type\":\"PropertyValueSpecification\",\"valueRequired\":true,\"valueName\":\"search_term_string\"}}],\"inLanguage\":\"es\"},{\"@type\":\"Organization\",\"@id\":\"https:\/\/neos-electronic.com\/es\/#organization\",\"name\":\"Neos Electronic\",\"url\":\"https:\/\/neos-electronic.com\/es\/\",\"logo\":{\"@type\":\"ImageObject\",\"inLanguage\":\"es\",\"@id\":\"https:\/\/neos-electronic.com\/es\/#\/schema\/logo\/image\/\",\"url\":\"https:\/\/neos-electronic.com\/wp-content\/uploads\/2023\/09\/logo.png\",\"contentUrl\":\"https:\/\/neos-electronic.com\/wp-content\/uploads\/2023\/09\/logo.png\",\"width\":205,\"height\":206,\"caption\":\"Neos Electronic\"},\"image\":{\"@id\":\"https:\/\/neos-electronic.com\/es\/#\/schema\/logo\/image\/\"}}]}<\/script>\n<!-- \/ Yoast SEO plugin. -->","yoast_head_json":{"title":"Industria de defensa - Neos Electronic","robots":{"index":"index","follow":"follow","max-snippet":"max-snippet:-1","max-image-preview":"max-image-preview:large","max-video-preview":"max-video-preview:-1"},"canonical":"https:\/\/neos-electronic.com\/es\/industria-de-defensa\/","og_locale":"es_ES","og_type":"article","og_title":"Industria de defensa - Neos Electronic","og_description":"NEOS Industria de defensa Gesti\u00f3n de la obsolescencia para las industrias militar y de defensa Los problemas La industria militar y de defensa se enfrenta a retos en t\u00e9rminos de obsolescencia tecnol\u00f3gica debido a la prolongada vida \u00fatil de sus productos. Los equipos militares, como los aviones de combate y de simulaci\u00f3n, los veh\u00edculos terrestres [&hellip;]","og_url":"https:\/\/neos-electronic.com\/es\/industria-de-defensa\/","og_site_name":"Neos Electronic","article_modified_time":"2025-06-12T11:20:53+00:00","og_image":[{"url":"https:\/\/neos-electronic.com\/wp-content\/uploads\/2024\/02\/Industrie-defense.png","type":"","width":"","height":""}],"twitter_card":"summary_large_image","twitter_misc":{"Tiempo de lectura":"1 minuto"},"schema":{"@context":"https:\/\/schema.org","@graph":[{"@type":"WebPage","@id":"https:\/\/neos-electronic.com\/es\/industria-de-defensa\/","url":"https:\/\/neos-electronic.com\/es\/industria-de-defensa\/","name":"Industria de defensa - Neos Electronic","isPartOf":{"@id":"https:\/\/neos-electronic.com\/es\/#website"},"primaryImageOfPage":{"@id":"https:\/\/neos-electronic.com\/es\/industria-de-defensa\/#primaryimage"},"image":{"@id":"https:\/\/neos-electronic.com\/es\/industria-de-defensa\/#primaryimage"},"thumbnailUrl":"https:\/\/neos-electronic.com\/wp-content\/uploads\/2024\/02\/Industrie-defense.png","datePublished":"2024-02-23T08:58:50+00:00","dateModified":"2025-06-12T11:20:53+00:00","breadcrumb":{"@id":"https:\/\/neos-electronic.com\/es\/industria-de-defensa\/#breadcrumb"},"inLanguage":"es","potentialAction":[{"@type":"ReadAction","target":["https:\/\/neos-electronic.com\/es\/industria-de-defensa\/"]}]},{"@type":"ImageObject","inLanguage":"es","@id":"https:\/\/neos-electronic.com\/es\/industria-de-defensa\/#primaryimage","url":"https:\/\/neos-electronic.com\/wp-content\/uploads\/2024\/02\/Industrie-defense.png","contentUrl":"https:\/\/neos-electronic.com\/wp-content\/uploads\/2024\/02\/Industrie-defense.png"},{"@type":"BreadcrumbList","@id":"https:\/\/neos-electronic.com\/es\/industria-de-defensa\/#breadcrumb","itemListElement":[{"@type":"ListItem","position":1,"name":"Home","item":"https:\/\/neos-electronic.com\/es\/inicio\/"},{"@type":"ListItem","position":2,"name":"Industria de defensa"}]},{"@type":"WebSite","@id":"https:\/\/neos-electronic.com\/es\/#website","url":"https:\/\/neos-electronic.com\/es\/","name":"Neos Electronic","description":"Maintien en Conditions Op\u00e9rationnelles","publisher":{"@id":"https:\/\/neos-electronic.com\/es\/#organization"},"potentialAction":[{"@type":"SearchAction","target":{"@type":"EntryPoint","urlTemplate":"https:\/\/neos-electronic.com\/es\/?s={search_term_string}"},"query-input":{"@type":"PropertyValueSpecification","valueRequired":true,"valueName":"search_term_string"}}],"inLanguage":"es"},{"@type":"Organization","@id":"https:\/\/neos-electronic.com\/es\/#organization","name":"Neos Electronic","url":"https:\/\/neos-electronic.com\/es\/","logo":{"@type":"ImageObject","inLanguage":"es","@id":"https:\/\/neos-electronic.com\/es\/#\/schema\/logo\/image\/","url":"https:\/\/neos-electronic.com\/wp-content\/uploads\/2023\/09\/logo.png","contentUrl":"https:\/\/neos-electronic.com\/wp-content\/uploads\/2023\/09\/logo.png","width":205,"height":206,"caption":"Neos Electronic"},"image":{"@id":"https:\/\/neos-electronic.com\/es\/#\/schema\/logo\/image\/"}}]}},"_links":{"self":[{"href":"https:\/\/neos-electronic.com\/es\/wp-json\/wp\/v2\/pages\/13988","targetHints":{"allow":["GET"]}}],"collection":[{"href":"https:\/\/neos-electronic.com\/es\/wp-json\/wp\/v2\/pages"}],"about":[{"href":"https:\/\/neos-electronic.com\/es\/wp-json\/wp\/v2\/types\/page"}],"author":[{"embeddable":true,"href":"https:\/\/neos-electronic.com\/es\/wp-json\/wp\/v2\/users\/2"}],"replies":[{"embeddable":true,"href":"https:\/\/neos-electronic.com\/es\/wp-json\/wp\/v2\/comments?post=13988"}],"version-history":[{"count":1,"href":"https:\/\/neos-electronic.com\/es\/wp-json\/wp\/v2\/pages\/13988\/revisions"}],"predecessor-version":[{"id":13989,"href":"https:\/\/neos-electronic.com\/es\/wp-json\/wp\/v2\/pages\/13988\/revisions\/13989"}],"wp:attachment":[{"href":"https:\/\/neos-electronic.com\/es\/wp-json\/wp\/v2\/media?parent=13988"}],"curies":[{"name":"wp","href":"https:\/\/api.w.org\/{rel}","templated":true}]}}