{"id":13926,"date":"2024-02-26T17:26:16","date_gmt":"2024-02-26T16:26:16","guid":{"rendered":"https:\/\/neos-electronic.com\/venta\/"},"modified":"2025-06-12T13:30:01","modified_gmt":"2025-06-12T11:30:01","slug":"venta","status":"publish","type":"page","link":"https:\/\/neos-electronic.com\/es\/venta\/","title":{"rendered":"Venta"},"content":{"rendered":"\t\t<div data-elementor-type=\"wp-page\" data-elementor-id=\"13926\" class=\"elementor elementor-13926 elementor-12282\" data-elementor-post-type=\"page\">\n\t\t\t\t<div class=\"elementor-element elementor-element-7ced02b e-flex e-con-boxed e-con e-parent\" data-id=\"7ced02b\" data-element_type=\"container\">\n\t\t\t\t\t<div class=\"e-con-inner\">\n\t\t\t\t<div class=\"elementor-element elementor-element-93a6ddb elementor-widget elementor-widget-auntri_elementor_heading\" data-id=\"93a6ddb\" data-element_type=\"widget\" data-widget_type=\"auntri_elementor_heading.default\">\n\t\t\t\t<div class=\"elementor-widget-container\">\n\t\t\t\t\t\n\t\t<div class=\"ova-title\">\n\n\t\t\t\t\t\t\t<h3 class=\"sub-title\">Nuestras actividades: ventas<\/h3>\n\t\t\t\n\t\t\t\t\t\t\t\n\t\t\t\t\t\t\t\t\t<div class=\"box-title\">\n\t\t\t\t\t\t<div class=\"line-top\"><\/div>\n\t\t\t\t\n\t\t\t\t\t\n\t\t\t\t\t\t<h2 class=\"title\">Mantener<\/h2>\n\n\t\t\t\t\t\n\t\t\t\t\t\t\t\t\t<\/div>\n\t\t\t\t\n\t\t\t\n\t\t\t\n\t\t<\/div>\n\t\t \t\n\t\t\t\t\t\t<\/div>\n\t\t\t\t<\/div>\n\t\t\t\t\t<\/div>\n\t\t\t\t<\/div>\n\t\t<div class=\"elementor-element elementor-element-3c6d9727 e-flex e-con-boxed e-con e-parent\" data-id=\"3c6d9727\" data-element_type=\"container\">\n\t\t\t\t\t<div class=\"e-con-inner\">\n\t\t<div class=\"elementor-element elementor-element-63c67876 e-con-full e-flex e-con e-child\" data-id=\"63c67876\" data-element_type=\"container\">\n\t\t\t\t<div class=\"elementor-element elementor-element-6317eb00 e-transform elementor-invisible elementor-widget elementor-widget-auntri_elementor_ova_icon_box\" data-id=\"6317eb00\" data-element_type=\"widget\" data-settings=\"{&quot;_animation&quot;:&quot;ova-move-right&quot;,&quot;_animation_tablet&quot;:&quot;none&quot;,&quot;_transform_scale_effect&quot;:{&quot;unit&quot;:&quot;px&quot;,&quot;size&quot;:&quot;&quot;,&quot;sizes&quot;:[]},&quot;_transform_scale_effect_widescreen&quot;:{&quot;unit&quot;:&quot;px&quot;,&quot;size&quot;:&quot;&quot;,&quot;sizes&quot;:[]},&quot;_transform_scale_effect_tablet&quot;:{&quot;unit&quot;:&quot;px&quot;,&quot;size&quot;:&quot;&quot;,&quot;sizes&quot;:[]},&quot;_transform_scale_effect_mobile&quot;:{&quot;unit&quot;:&quot;px&quot;,&quot;size&quot;:&quot;&quot;,&quot;sizes&quot;:[]}}\" data-widget_type=\"auntri_elementor_ova_icon_box.default\">\n\t\t\t\t<div class=\"elementor-widget-container\">\n\t\t\t\t\t            \n\t\t\t\n\t \t    <div class=\"ova-icon-box ova-icon-box-template2 \">\n\n\t \t    \t\t                <div class=\"mask\"\n\t                     \n\t\t\t \t    \t \tstyle=\"background-image: url(https:\/\/neos-electronic.com\/wp-content\/uploads\/2024\/02\/vente_materiel_electronique_obsolete.png)\"\n\t\t\t \t    \t\t                ><\/div>\n\t                <div class=\"mask-box\">\n\t                \t<div class=\"mask-second\"><\/div>\n\t                <\/div>\n\t                \n\t                <div class=\"box-icon-v2\">\n\t            \t\t<div class=\"icon\">\n\t            \t\t\t\t\t\t\t\t\t<\/div>\n\t\t\t\t\t<\/div>\n                \n                \n\t            \n\t\t\t\t\n\t            \n            \t\n\t            \t\t\t\t  <a href=\"https:\/\/neos-electronic.com\/es\/venta-de-equipos-electronicos-obsoletos\/ \"   title=\"Venta de equipos electr\u00f3nicos obsoletos\">\n\n\t\t\t    \t\t            \t\t\t\t\t\t<h4 class=\"title\">\n\t\t\t\t\t\t\tVenta de equipos electr\u00f3nicos obsoletos\t\t\t\t\t\t<\/h4>\n\t\t\t\t\t\t\t\t\t\t\t\t\t\t<\/a>\n\t\t\t\t\n\t\t\t\t\t\t\t\t\t<p class=\"description\">\n\t\t\t\t\t\tPonemos a su disposici\u00f3n una red internacional de brokers para la b\u00fasqueda y aprovisionamiento de todo tipo de material electr\u00f3nico.\t\t\t\t\t<\/p>\n\t\t\t\t\n\t\t\t\t\n\t\t\t\t\n\t\t\t\t\t\t\t\t\t\t\t\t\t    \t<a class=\"btn btn-readmore\" href=\"https:\/\/neos-electronic.com\/es\/venta-de-equipos-electronicos-obsoletos\/\"   title=\"Venta de equipos electr\u00f3nicos obsoletos\">\n\t\t\t\t\t\t  \t<span>M\u00e1s informaci\u00f3n<\/span>\n\t\t\t\t\t\t  \t\t\t\t\t\t  \t<\/a>\n\t\t\t\t  \t\t\t\t \t\t\t    <\/div>\t \n\t\t        \n\n\t\t\t\t\t\t<\/div>\n\t\t\t\t<\/div>\n\t\t\t\t<\/div>\n\t\t<div class=\"elementor-element elementor-element-4879abb9 e-con-full e-flex e-con e-child\" data-id=\"4879abb9\" data-element_type=\"container\">\n\t\t\t\t<div class=\"elementor-element elementor-element-761ccf0b elementor-animation-none elementor-invisible elementor-widget elementor-widget-auntri_elementor_ova_icon_box\" data-id=\"761ccf0b\" data-element_type=\"widget\" data-settings=\"{&quot;_animation&quot;:&quot;ova-move-right&quot;,&quot;_animation_tablet&quot;:&quot;none&quot;}\" data-widget_type=\"auntri_elementor_ova_icon_box.default\">\n\t\t\t\t<div class=\"elementor-widget-container\">\n\t\t\t\t\t            \n\t\t\t\n\t \t    <div class=\"ova-icon-box ova-icon-box-template2 \">\n\n\t \t    \t\t                <div class=\"mask\"\n\t                     \n\t\t\t \t    \t \tstyle=\"background-image: url(https:\/\/neos-electronic.com\/wp-content\/uploads\/2024\/02\/service_composants_electroniques.png)\"\n\t\t\t \t    \t\t                ><\/div>\n\t                <div class=\"mask-box\">\n\t                \t<div class=\"mask-second\"><\/div>\n\t                <\/div>\n\t                \n\t                <div class=\"box-icon-v2\">\n\t            \t\t<div class=\"icon\">\n\t            \t\t\t\t\t\t\t\t\t<\/div>\n\t\t\t\t\t<\/div>\n                \n                \n\t            \n\t\t\t\t\n\t            \n            \t\n\t            \t\t\t\t  <a href=\"https:\/\/neos-electronic.com\/es\/venta-de-componentes-electronicos-obsoletos\/ \"   title=\"Venta de componentes electr\u00f3nicos obsoletos\">\n\n\t\t\t    \t\t            \t\t\t\t\t\t<h4 class=\"title\">\n\t\t\t\t\t\t\tVenta de componentes electr\u00f3nicos obsoletos\t\t\t\t\t\t<\/h4>\n\t\t\t\t\t\t\t\t\t\t\t\t\t\t<\/a>\n\t\t\t\t\n\t\t\t\t\t\t\t\t\t<p class=\"description\">\n\t\t\t\t\t\tNeos Electronic le acompa\u00f1a en la b\u00fasqueda y selecci\u00f3n de componentes, teniendo en cuenta las normativas de cada sector de actividad.\t\t\t\t\t<\/p>\n\t\t\t\t\n\t\t\t\t\n\t\t\t\t\n\t\t\t\t\t\t\t\t\t\t\t\t\t    \t<a class=\"btn btn-readmore\" href=\"https:\/\/neos-electronic.com\/es\/venta-de-componentes-electronicos-obsoletos\/\"   title=\"Venta de componentes electr\u00f3nicos obsoletos\">\n\t\t\t\t\t\t  \t<span>M\u00e1s informaci\u00f3n<\/span>\n\t\t\t\t\t\t  \t\t\t\t\t\t  \t<\/a>\n\t\t\t\t  \t\t\t\t \t\t\t    <\/div>\t \n\t\t        \n\n\t\t\t\t\t\t<\/div>\n\t\t\t\t<\/div>\n\t\t\t\t<\/div>\n\t\t\t\t\t<\/div>\n\t\t\t\t<\/div>\n\t\t\t\t<\/div>\n\t\t","protected":false},"excerpt":{"rendered":"<p>Nuestras actividades: ventas Mantener Venta de equipos electr\u00f3nicos obsoletos Ponemos a su disposici\u00f3n una red internacional de brokers para la b\u00fasqueda y aprovisionamiento de todo tipo de material electr\u00f3nico. M\u00e1s informaci\u00f3n Venta de componentes electr\u00f3nicos obsoletos Neos Electronic le acompa\u00f1a en la b\u00fasqueda y selecci\u00f3n de componentes, teniendo en cuenta las normativas de cada sector [&hellip;]<\/p>\n","protected":false},"author":2,"featured_media":0,"parent":0,"menu_order":0,"comment_status":"closed","ping_status":"closed","template":"elementor_header_footer","meta":{"footnotes":""},"class_list":["post-13926","page","type-page","status-publish","hentry"],"yoast_head":"<!-- This site is optimized with the Yoast SEO plugin v26.4 - https:\/\/yoast.com\/wordpress\/plugins\/seo\/ -->\n<title>Venta de equipos y componentes electr\u00f3nicos obsoletos I Neos electronic<\/title>\n<meta name=\"description\" content=\"Gran selecci\u00f3n de equipos y componentes electr\u00f3nicos obsoletos. Experiencia en la elecci\u00f3n de equivalencias y compatibilidades. \u00a1Cont\u00e1ctanos!\" \/>\n<meta name=\"robots\" content=\"index, follow, max-snippet:-1, max-image-preview:large, max-video-preview:-1\" \/>\n<link rel=\"canonical\" href=\"https:\/\/neos-electronic.com\/es\/venta\/\" \/>\n<meta property=\"og:locale\" content=\"es_ES\" \/>\n<meta property=\"og:type\" content=\"article\" \/>\n<meta property=\"og:title\" content=\"Venta de equipos y componentes electr\u00f3nicos obsoletos I Neos electronic\" \/>\n<meta property=\"og:description\" content=\"Gran selecci\u00f3n de equipos y componentes electr\u00f3nicos obsoletos. Experiencia en la elecci\u00f3n de equivalencias y compatibilidades. \u00a1Cont\u00e1ctanos!\" \/>\n<meta property=\"og:url\" content=\"https:\/\/neos-electronic.com\/es\/venta\/\" \/>\n<meta property=\"og:site_name\" content=\"Neos Electronic\" \/>\n<meta property=\"article:modified_time\" content=\"2025-06-12T11:30:01+00:00\" \/>\n<meta name=\"twitter:card\" content=\"summary_large_image\" \/>\n<script type=\"application\/ld+json\" class=\"yoast-schema-graph\">{\"@context\":\"https:\/\/schema.org\",\"@graph\":[{\"@type\":\"WebPage\",\"@id\":\"https:\/\/neos-electronic.com\/es\/venta\/\",\"url\":\"https:\/\/neos-electronic.com\/es\/venta\/\",\"name\":\"Venta de equipos y componentes electr\u00f3nicos obsoletos I Neos electronic\",\"isPartOf\":{\"@id\":\"https:\/\/neos-electronic.com\/es\/#website\"},\"datePublished\":\"2024-02-26T16:26:16+00:00\",\"dateModified\":\"2025-06-12T11:30:01+00:00\",\"description\":\"Gran selecci\u00f3n de equipos y componentes electr\u00f3nicos obsoletos. Experiencia en la elecci\u00f3n de equivalencias y compatibilidades. \u00a1Cont\u00e1ctanos!\",\"breadcrumb\":{\"@id\":\"https:\/\/neos-electronic.com\/es\/venta\/#breadcrumb\"},\"inLanguage\":\"es\",\"potentialAction\":[{\"@type\":\"ReadAction\",\"target\":[\"https:\/\/neos-electronic.com\/es\/venta\/\"]}]},{\"@type\":\"BreadcrumbList\",\"@id\":\"https:\/\/neos-electronic.com\/es\/venta\/#breadcrumb\",\"itemListElement\":[{\"@type\":\"ListItem\",\"position\":1,\"name\":\"Home\",\"item\":\"https:\/\/neos-electronic.com\/es\/inicio\/\"},{\"@type\":\"ListItem\",\"position\":2,\"name\":\"Venta\"}]},{\"@type\":\"WebSite\",\"@id\":\"https:\/\/neos-electronic.com\/es\/#website\",\"url\":\"https:\/\/neos-electronic.com\/es\/\",\"name\":\"Neos Electronic\",\"description\":\"Maintien en Conditions Op\u00e9rationnelles\",\"publisher\":{\"@id\":\"https:\/\/neos-electronic.com\/es\/#organization\"},\"potentialAction\":[{\"@type\":\"SearchAction\",\"target\":{\"@type\":\"EntryPoint\",\"urlTemplate\":\"https:\/\/neos-electronic.com\/es\/?s={search_term_string}\"},\"query-input\":{\"@type\":\"PropertyValueSpecification\",\"valueRequired\":true,\"valueName\":\"search_term_string\"}}],\"inLanguage\":\"es\"},{\"@type\":\"Organization\",\"@id\":\"https:\/\/neos-electronic.com\/es\/#organization\",\"name\":\"Neos Electronic\",\"url\":\"https:\/\/neos-electronic.com\/es\/\",\"logo\":{\"@type\":\"ImageObject\",\"inLanguage\":\"es\",\"@id\":\"https:\/\/neos-electronic.com\/es\/#\/schema\/logo\/image\/\",\"url\":\"https:\/\/neos-electronic.com\/wp-content\/uploads\/2023\/09\/logo.png\",\"contentUrl\":\"https:\/\/neos-electronic.com\/wp-content\/uploads\/2023\/09\/logo.png\",\"width\":205,\"height\":206,\"caption\":\"Neos Electronic\"},\"image\":{\"@id\":\"https:\/\/neos-electronic.com\/es\/#\/schema\/logo\/image\/\"}}]}<\/script>\n<!-- \/ Yoast SEO plugin. -->","yoast_head_json":{"title":"Venta de equipos y componentes electr\u00f3nicos obsoletos I Neos electronic","description":"Gran selecci\u00f3n de equipos y componentes electr\u00f3nicos obsoletos. Experiencia en la elecci\u00f3n de equivalencias y compatibilidades. \u00a1Cont\u00e1ctanos!","robots":{"index":"index","follow":"follow","max-snippet":"max-snippet:-1","max-image-preview":"max-image-preview:large","max-video-preview":"max-video-preview:-1"},"canonical":"https:\/\/neos-electronic.com\/es\/venta\/","og_locale":"es_ES","og_type":"article","og_title":"Venta de equipos y componentes electr\u00f3nicos obsoletos I Neos electronic","og_description":"Gran selecci\u00f3n de equipos y componentes electr\u00f3nicos obsoletos. Experiencia en la elecci\u00f3n de equivalencias y compatibilidades. \u00a1Cont\u00e1ctanos!","og_url":"https:\/\/neos-electronic.com\/es\/venta\/","og_site_name":"Neos Electronic","article_modified_time":"2025-06-12T11:30:01+00:00","twitter_card":"summary_large_image","schema":{"@context":"https:\/\/schema.org","@graph":[{"@type":"WebPage","@id":"https:\/\/neos-electronic.com\/es\/venta\/","url":"https:\/\/neos-electronic.com\/es\/venta\/","name":"Venta de equipos y componentes electr\u00f3nicos obsoletos I Neos electronic","isPartOf":{"@id":"https:\/\/neos-electronic.com\/es\/#website"},"datePublished":"2024-02-26T16:26:16+00:00","dateModified":"2025-06-12T11:30:01+00:00","description":"Gran selecci\u00f3n de equipos y componentes electr\u00f3nicos obsoletos. Experiencia en la elecci\u00f3n de equivalencias y compatibilidades. \u00a1Cont\u00e1ctanos!","breadcrumb":{"@id":"https:\/\/neos-electronic.com\/es\/venta\/#breadcrumb"},"inLanguage":"es","potentialAction":[{"@type":"ReadAction","target":["https:\/\/neos-electronic.com\/es\/venta\/"]}]},{"@type":"BreadcrumbList","@id":"https:\/\/neos-electronic.com\/es\/venta\/#breadcrumb","itemListElement":[{"@type":"ListItem","position":1,"name":"Home","item":"https:\/\/neos-electronic.com\/es\/inicio\/"},{"@type":"ListItem","position":2,"name":"Venta"}]},{"@type":"WebSite","@id":"https:\/\/neos-electronic.com\/es\/#website","url":"https:\/\/neos-electronic.com\/es\/","name":"Neos Electronic","description":"Maintien en Conditions Op\u00e9rationnelles","publisher":{"@id":"https:\/\/neos-electronic.com\/es\/#organization"},"potentialAction":[{"@type":"SearchAction","target":{"@type":"EntryPoint","urlTemplate":"https:\/\/neos-electronic.com\/es\/?s={search_term_string}"},"query-input":{"@type":"PropertyValueSpecification","valueRequired":true,"valueName":"search_term_string"}}],"inLanguage":"es"},{"@type":"Organization","@id":"https:\/\/neos-electronic.com\/es\/#organization","name":"Neos Electronic","url":"https:\/\/neos-electronic.com\/es\/","logo":{"@type":"ImageObject","inLanguage":"es","@id":"https:\/\/neos-electronic.com\/es\/#\/schema\/logo\/image\/","url":"https:\/\/neos-electronic.com\/wp-content\/uploads\/2023\/09\/logo.png","contentUrl":"https:\/\/neos-electronic.com\/wp-content\/uploads\/2023\/09\/logo.png","width":205,"height":206,"caption":"Neos Electronic"},"image":{"@id":"https:\/\/neos-electronic.com\/es\/#\/schema\/logo\/image\/"}}]}},"_links":{"self":[{"href":"https:\/\/neos-electronic.com\/es\/wp-json\/wp\/v2\/pages\/13926","targetHints":{"allow":["GET"]}}],"collection":[{"href":"https:\/\/neos-electronic.com\/es\/wp-json\/wp\/v2\/pages"}],"about":[{"href":"https:\/\/neos-electronic.com\/es\/wp-json\/wp\/v2\/types\/page"}],"author":[{"embeddable":true,"href":"https:\/\/neos-electronic.com\/es\/wp-json\/wp\/v2\/users\/2"}],"replies":[{"embeddable":true,"href":"https:\/\/neos-electronic.com\/es\/wp-json\/wp\/v2\/comments?post=13926"}],"version-history":[{"count":13,"href":"https:\/\/neos-electronic.com\/es\/wp-json\/wp\/v2\/pages\/13926\/revisions"}],"predecessor-version":[{"id":14038,"href":"https:\/\/neos-electronic.com\/es\/wp-json\/wp\/v2\/pages\/13926\/revisions\/14038"}],"wp:attachment":[{"href":"https:\/\/neos-electronic.com\/es\/wp-json\/wp\/v2\/media?parent=13926"}],"curies":[{"name":"wp","href":"https:\/\/api.w.org\/{rel}","templated":true}]}}