{"id":13921,"date":"2024-02-26T17:22:23","date_gmt":"2024-02-26T16:22:23","guid":{"rendered":"https:\/\/neos-electronic.com\/soluciones-para-el-mantenimiento-en-condiciones-operativas\/"},"modified":"2025-06-12T13:31:21","modified_gmt":"2025-06-12T11:31:21","slug":"soluciones-para-el-mantenimiento-en-condiciones-operativas","status":"publish","type":"page","link":"https:\/\/neos-electronic.com\/es\/soluciones-para-el-mantenimiento-en-condiciones-operativas\/","title":{"rendered":"Soluciones MCO"},"content":{"rendered":"\t\t<div data-elementor-type=\"wp-page\" data-elementor-id=\"13921\" class=\"elementor elementor-13921 elementor-12279\" data-elementor-post-type=\"page\">\n\t\t\t\t<div class=\"elementor-element elementor-element-8c2704d e-flex e-con-boxed e-con e-parent\" data-id=\"8c2704d\" data-element_type=\"container\">\n\t\t\t\t\t<div class=\"e-con-inner\">\n\t\t\t\t<div class=\"elementor-element elementor-element-0265a32 elementor-widget elementor-widget-auntri_elementor_heading\" data-id=\"0265a32\" data-element_type=\"widget\" data-widget_type=\"auntri_elementor_heading.default\">\n\t\t\t\t<div class=\"elementor-widget-container\">\n\t\t\t\t\t\n\t\t<div class=\"ova-title\">\n\n\t\t\t\t\t\t\t<h3 class=\"sub-title\">Nuestras actividades : Solutiones MCO<\/h3>\n\t\t\t\n\t\t\t\t\t\t\t\n\t\t\t\t\t\t\t\t\t<div class=\"box-title\">\n\t\t\t\t\t\t<div class=\"line-top\"><\/div>\n\t\t\t\t\n\t\t\t\t\t\n\t\t\t\t\t\t<h2 class=\"title\">Prolongar<\/h2>\n\n\t\t\t\t\t\n\t\t\t\t\t\t\t\t\t<\/div>\n\t\t\t\t\n\t\t\t\n\t\t\t\n\t\t<\/div>\n\t\t \t\n\t\t\t\t\t\t<\/div>\n\t\t\t\t<\/div>\n\t\t\t\t\t<\/div>\n\t\t\t\t<\/div>\n\t\t\t\t<section class=\"elementor-section elementor-top-section elementor-element elementor-element-3a6fa8a5 elementor-section-boxed elementor-section-height-default elementor-section-height-default\" data-id=\"3a6fa8a5\" data-element_type=\"section\" data-settings=\"{&quot;background_background&quot;:&quot;classic&quot;}\">\n\t\t\t\t\t\t<div class=\"elementor-container elementor-column-gap-no\">\n\t\t\t\t\t<div class=\"elementor-column elementor-col-33 elementor-top-column elementor-element elementor-element-126351fd\" data-id=\"126351fd\" data-element_type=\"column\">\n\t\t\t<div class=\"elementor-widget-wrap elementor-element-populated\">\n\t\t\t\t\t\t<div class=\"elementor-element elementor-element-281fa841 elementor-animation-none elementor-invisible elementor-widget elementor-widget-auntri_elementor_ova_icon_box\" data-id=\"281fa841\" data-element_type=\"widget\" data-settings=\"{&quot;_animation&quot;:&quot;ova-move-right&quot;,&quot;_animation_tablet&quot;:&quot;none&quot;}\" data-widget_type=\"auntri_elementor_ova_icon_box.default\">\n\t\t\t\t<div class=\"elementor-widget-container\">\n\t\t\t\t\t            \n\t\t\t\n\t \t    <div class=\"ova-icon-box ova-icon-box-template2 \">\n\n\t \t    \t\t                <div class=\"mask\"\n\t                     \n\t\t\t \t    \t \tstyle=\"background-image: url(https:\/\/neos-electronic.com\/wp-content\/uploads\/2023\/09\/image-web-1.png)\"\n\t\t\t \t    \t\t                ><\/div>\n\t                <div class=\"mask-box\">\n\t                \t<div class=\"mask-second\"><\/div>\n\t                <\/div>\n\t                \n\t                <div class=\"box-icon-v2\">\n\t            \t\t<div class=\"icon\">\n\t            \t\t\t\t\t\t\t\t\t<\/div>\n\t\t\t\t\t<\/div>\n                \n                \n\t            \n\t\t\t\t\n\t            \n            \t\n\t            \t\t\t\t  <a href=\"https:\/\/neos-electronic.com\/es\/clonacion-de-tarjetas-electronicas\/ \"   title=\"Clonaci\u00f3n\">\n\n\t\t\t    \t\t            \t\t\t\t\t\t<h4 class=\"title\">\n\t\t\t\t\t\t\tClonaci\u00f3n\t\t\t\t\t\t<\/h4>\n\t\t\t\t\t\t\t\t\t\t\t\t\t\t<\/a>\n\t\t\t\t\n\t\t\t\t\t\t\t\t\t<p class=\"description\">\n\t\t\t\t\t\tLa reproducci\u00f3n id\u00e9ntica o clonaci\u00f3n de tarjetas electr\u00f3nicas es una soluci\u00f3n fiable para reindustrializar sus equipos obsoletos sin necesidad de recalificar sus instalaciones.\t\t\t\t\t<\/p>\n\t\t\t\t\n\t\t\t\t\n\t\t\t\t\n\t\t\t\t\t\t\t\t\t\t\t\t\t    \t<a class=\"btn btn-readmore\" href=\"https:\/\/neos-electronic.com\/es\/clonacion-de-tarjetas-electronicas\/\"   title=\"Clonaci\u00f3n\">\n\t\t\t\t\t\t  \t<span>M\u00e1s informaci\u00f3n<\/span>\n\t\t\t\t\t\t  \t\t\t\t\t\t  \t<\/a>\n\t\t\t\t  \t\t\t\t \t\t\t    <\/div>\t \n\t\t        \n\n\t\t\t\t\t\t<\/div>\n\t\t\t\t<\/div>\n\t\t\t\t\t<\/div>\n\t\t<\/div>\n\t\t\t\t<div class=\"elementor-column elementor-col-33 elementor-top-column elementor-element elementor-element-5a7b584e\" data-id=\"5a7b584e\" data-element_type=\"column\">\n\t\t\t<div class=\"elementor-widget-wrap elementor-element-populated\">\n\t\t\t\t\t\t<div class=\"elementor-element elementor-element-73e28e2f elementor-animation-none elementor-invisible elementor-widget elementor-widget-auntri_elementor_ova_icon_box\" data-id=\"73e28e2f\" data-element_type=\"widget\" data-settings=\"{&quot;_animation&quot;:&quot;ova-move-up&quot;,&quot;_animation_tablet&quot;:&quot;none&quot;,&quot;_animation_delay&quot;:150}\" data-widget_type=\"auntri_elementor_ova_icon_box.default\">\n\t\t\t\t<div class=\"elementor-widget-container\">\n\t\t\t\t\t            \n\t\t\t\n\t \t    <div class=\"ova-icon-box ova-icon-box-template2 \">\n\n\t \t    \t\t                <div class=\"mask\"\n\t                     \n\t\t\t \t    \t \tstyle=\"background-image: url(https:\/\/neos-electronic.com\/wp-content\/uploads\/2024\/02\/service_retroingenierie.png)\"\n\t\t\t \t    \t\t                ><\/div>\n\t                <div class=\"mask-box\">\n\t                \t<div class=\"mask-second\"><\/div>\n\t                <\/div>\n\t                \n\t                <div class=\"box-icon-v2\">\n\t            \t\t<div class=\"icon\">\n\t            \t\t\t\t\t\t\t\t\t<\/div>\n\t\t\t\t\t<\/div>\n                \n                \n\t            \n\t\t\t\t\n\t            \n            \t\n\t            \t\t\t\t  <a href=\"https:\/\/neos-electronic.com\/es\/ingenieria-inversa\/ \"   title=\"Ingenier\u00eda inversa\">\n\n\t\t\t    \t\t            \t\t\t\t\t\t<h4 class=\"title\">\n\t\t\t\t\t\t\tIngenier\u00eda inversa\t\t\t\t\t\t<\/h4>\n\t\t\t\t\t\t\t\t\t\t\t\t\t\t<\/a>\n\t\t\t\t\n\t\t\t\t\t\t\t\t\t<p class=\"description\">\n\t\t\t\t\t\tAnalizamos el funcionamiento de su equipo para redise\u00f1arlo teniendo en cuenta las mejoras que desea incorporar.\t\t\t\t\t<\/p>\n\t\t\t\t\n\t\t\t\t\n\t\t\t\t\n\t\t\t\t\t\t\t\t\t\t\t\t\t    \t<a class=\"btn btn-readmore\" href=\"https:\/\/neos-electronic.com\/es\/ingenieria-inversa\/\"   title=\"Ingenier\u00eda inversa\">\n\t\t\t\t\t\t  \t<span>M\u00e1s informaci\u00f3n<\/span>\n\t\t\t\t\t\t  \t\t\t\t\t\t  \t<\/a>\n\t\t\t\t  \t\t\t\t \t\t\t    <\/div>\t \n\t\t        \n\n\t\t\t\t\t\t<\/div>\n\t\t\t\t<\/div>\n\t\t\t\t\t<\/div>\n\t\t<\/div>\n\t\t\t\t<div class=\"elementor-column elementor-col-33 elementor-top-column elementor-element elementor-element-a3f610\" data-id=\"a3f610\" data-element_type=\"column\">\n\t\t\t<div class=\"elementor-widget-wrap elementor-element-populated\">\n\t\t\t\t\t\t<div class=\"elementor-element elementor-element-48a95cce elementor-animation-none elementor-invisible elementor-widget elementor-widget-auntri_elementor_ova_icon_box\" data-id=\"48a95cce\" data-element_type=\"widget\" data-settings=\"{&quot;_animation&quot;:&quot;ova-move-right&quot;,&quot;_animation_tablet&quot;:&quot;none&quot;,&quot;_animation_delay&quot;:300}\" data-widget_type=\"auntri_elementor_ova_icon_box.default\">\n\t\t\t\t<div class=\"elementor-widget-container\">\n\t\t\t\t\t            \n\t\t\t\n\t \t    <div class=\"ova-icon-box ova-icon-box-template2 \">\n\n\t \t    \t\t                <div class=\"mask\"\n\t                     \n\t\t\t \t    \t \tstyle=\"background-image: url(https:\/\/neos-electronic.com\/wp-content\/uploads\/2024\/02\/service_conception_electronique.png)\"\n\t\t\t \t    \t\t                ><\/div>\n\t                <div class=\"mask-box\">\n\t                \t<div class=\"mask-second\"><\/div>\n\t                <\/div>\n\t                \n\t                <div class=\"box-icon-v2\">\n\t            \t\t<div class=\"icon\">\n\t            \t\t\t\t\t\t\t\t\t<\/div>\n\t\t\t\t\t<\/div>\n                \n                \n\t            \n\t\t\t\t\n\t            \n            \t\n\t            \t\t\t\t  <a href=\"https:\/\/neos-electronic.com\/es\/diseno-electronico\/ \"   title=\"Dise\u00f1o\">\n\n\t\t\t    \t\t            \t\t\t\t\t\t<h4 class=\"title\">\n\t\t\t\t\t\t\tDise\u00f1o\t\t\t\t\t\t<\/h4>\n\t\t\t\t\t\t\t\t\t\t\t\t\t\t<\/a>\n\t\t\t\t\n\t\t\t\t\t\t\t\t\t<p class=\"description\">\n\t\t\t\t\t\tA partir de un pliego de condiciones, dise\u00f1amos a medida todo tipo de sistemas electr\u00f3nicos (m\u00f3dulos, bancos de pruebas, tarjetas, etc.) para cumplir con sus necesidades espec\u00edficas.\t\t\t\t\t<\/p>\n\t\t\t\t\n\t\t\t\t\n\t\t\t\t\n\t\t\t\t\t\t\t\t\t\t\t\t\t    \t<a class=\"btn btn-readmore\" href=\"https:\/\/neos-electronic.com\/es\/diseno-electronico\/\"   title=\"Dise\u00f1o\">\n\t\t\t\t\t\t  \t<span>M\u00e1s informaci\u00f3n<\/span>\n\t\t\t\t\t\t  \t\t\t\t\t\t  \t<\/a>\n\t\t\t\t  \t\t\t\t \t\t\t    <\/div>\t \n\t\t        \n\n\t\t\t\t\t\t<\/div>\n\t\t\t\t<\/div>\n\t\t\t\t\t<\/div>\n\t\t<\/div>\n\t\t\t\t\t<\/div>\n\t\t<\/section>\n\t\t\t\t<\/div>\n\t\t","protected":false},"excerpt":{"rendered":"<p>Nuestras actividades : Solutiones MCO Prolongar Clonaci\u00f3n La reproducci\u00f3n id\u00e9ntica o clonaci\u00f3n de tarjetas electr\u00f3nicas es una soluci\u00f3n fiable para reindustrializar sus equipos obsoletos sin necesidad de recalificar sus instalaciones. M\u00e1s informaci\u00f3n Ingenier\u00eda inversa Analizamos el funcionamiento de su equipo para redise\u00f1arlo teniendo en cuenta las mejoras que desea incorporar. M\u00e1s informaci\u00f3n Dise\u00f1o A partir [&hellip;]<\/p>\n","protected":false},"author":2,"featured_media":0,"parent":0,"menu_order":0,"comment_status":"closed","ping_status":"closed","template":"elementor_header_footer","meta":{"footnotes":""},"class_list":["post-13921","page","type-page","status-publish","hentry"],"yoast_head":"<!-- This site is optimized with the Yoast SEO plugin v26.4 - https:\/\/yoast.com\/wordpress\/plugins\/seo\/ -->\n<title>Soluciones para el mantenimiento de las condiciones operativas I Neos Electronic<\/title>\n<meta name=\"description\" content=\"Soluciones para mantener sistemas electr\u00f3nicos industriales en condiciones operativas: clonaci\u00f3n de tarjetas electr\u00f3nicas, dise\u00f1o a medida.\" \/>\n<meta name=\"robots\" content=\"index, follow, max-snippet:-1, max-image-preview:large, max-video-preview:-1\" \/>\n<link rel=\"canonical\" href=\"https:\/\/neos-electronic.com\/es\/soluciones-para-el-mantenimiento-en-condiciones-operativas\/\" \/>\n<meta property=\"og:locale\" content=\"es_ES\" \/>\n<meta property=\"og:type\" content=\"article\" \/>\n<meta property=\"og:title\" content=\"Soluciones para el mantenimiento de las condiciones operativas I Neos Electronic\" \/>\n<meta property=\"og:description\" content=\"Soluciones para mantener sistemas electr\u00f3nicos industriales en condiciones operativas: clonaci\u00f3n de tarjetas electr\u00f3nicas, dise\u00f1o a medida.\" \/>\n<meta property=\"og:url\" content=\"https:\/\/neos-electronic.com\/es\/soluciones-para-el-mantenimiento-en-condiciones-operativas\/\" \/>\n<meta property=\"og:site_name\" content=\"Neos Electronic\" \/>\n<meta property=\"article:modified_time\" content=\"2025-06-12T11:31:21+00:00\" \/>\n<meta name=\"twitter:card\" content=\"summary_large_image\" \/>\n<meta name=\"twitter:label1\" content=\"Tiempo de lectura\" \/>\n\t<meta name=\"twitter:data1\" content=\"1 minuto\" \/>\n<script type=\"application\/ld+json\" class=\"yoast-schema-graph\">{\"@context\":\"https:\/\/schema.org\",\"@graph\":[{\"@type\":\"WebPage\",\"@id\":\"https:\/\/neos-electronic.com\/es\/soluciones-para-el-mantenimiento-en-condiciones-operativas\/\",\"url\":\"https:\/\/neos-electronic.com\/es\/soluciones-para-el-mantenimiento-en-condiciones-operativas\/\",\"name\":\"Soluciones para el mantenimiento de las condiciones operativas I Neos Electronic\",\"isPartOf\":{\"@id\":\"https:\/\/neos-electronic.com\/es\/#website\"},\"datePublished\":\"2024-02-26T16:22:23+00:00\",\"dateModified\":\"2025-06-12T11:31:21+00:00\",\"description\":\"Soluciones para mantener sistemas electr\u00f3nicos industriales en condiciones operativas: clonaci\u00f3n de tarjetas electr\u00f3nicas, dise\u00f1o a medida.\",\"breadcrumb\":{\"@id\":\"https:\/\/neos-electronic.com\/es\/soluciones-para-el-mantenimiento-en-condiciones-operativas\/#breadcrumb\"},\"inLanguage\":\"es\",\"potentialAction\":[{\"@type\":\"ReadAction\",\"target\":[\"https:\/\/neos-electronic.com\/es\/soluciones-para-el-mantenimiento-en-condiciones-operativas\/\"]}]},{\"@type\":\"BreadcrumbList\",\"@id\":\"https:\/\/neos-electronic.com\/es\/soluciones-para-el-mantenimiento-en-condiciones-operativas\/#breadcrumb\",\"itemListElement\":[{\"@type\":\"ListItem\",\"position\":1,\"name\":\"Home\",\"item\":\"https:\/\/neos-electronic.com\/es\/inicio\/\"},{\"@type\":\"ListItem\",\"position\":2,\"name\":\"Soluciones MCO\"}]},{\"@type\":\"WebSite\",\"@id\":\"https:\/\/neos-electronic.com\/es\/#website\",\"url\":\"https:\/\/neos-electronic.com\/es\/\",\"name\":\"Neos Electronic\",\"description\":\"Maintien en Conditions Op\u00e9rationnelles\",\"publisher\":{\"@id\":\"https:\/\/neos-electronic.com\/es\/#organization\"},\"potentialAction\":[{\"@type\":\"SearchAction\",\"target\":{\"@type\":\"EntryPoint\",\"urlTemplate\":\"https:\/\/neos-electronic.com\/es\/?s={search_term_string}\"},\"query-input\":{\"@type\":\"PropertyValueSpecification\",\"valueRequired\":true,\"valueName\":\"search_term_string\"}}],\"inLanguage\":\"es\"},{\"@type\":\"Organization\",\"@id\":\"https:\/\/neos-electronic.com\/es\/#organization\",\"name\":\"Neos Electronic\",\"url\":\"https:\/\/neos-electronic.com\/es\/\",\"logo\":{\"@type\":\"ImageObject\",\"inLanguage\":\"es\",\"@id\":\"https:\/\/neos-electronic.com\/es\/#\/schema\/logo\/image\/\",\"url\":\"https:\/\/neos-electronic.com\/wp-content\/uploads\/2023\/09\/logo.png\",\"contentUrl\":\"https:\/\/neos-electronic.com\/wp-content\/uploads\/2023\/09\/logo.png\",\"width\":205,\"height\":206,\"caption\":\"Neos Electronic\"},\"image\":{\"@id\":\"https:\/\/neos-electronic.com\/es\/#\/schema\/logo\/image\/\"}}]}<\/script>\n<!-- \/ Yoast SEO plugin. -->","yoast_head_json":{"title":"Soluciones para el mantenimiento de las condiciones operativas I Neos Electronic","description":"Soluciones para mantener sistemas electr\u00f3nicos industriales en condiciones operativas: clonaci\u00f3n de tarjetas electr\u00f3nicas, dise\u00f1o a medida.","robots":{"index":"index","follow":"follow","max-snippet":"max-snippet:-1","max-image-preview":"max-image-preview:large","max-video-preview":"max-video-preview:-1"},"canonical":"https:\/\/neos-electronic.com\/es\/soluciones-para-el-mantenimiento-en-condiciones-operativas\/","og_locale":"es_ES","og_type":"article","og_title":"Soluciones para el mantenimiento de las condiciones operativas I Neos Electronic","og_description":"Soluciones para mantener sistemas electr\u00f3nicos industriales en condiciones operativas: clonaci\u00f3n de tarjetas electr\u00f3nicas, dise\u00f1o a medida.","og_url":"https:\/\/neos-electronic.com\/es\/soluciones-para-el-mantenimiento-en-condiciones-operativas\/","og_site_name":"Neos Electronic","article_modified_time":"2025-06-12T11:31:21+00:00","twitter_card":"summary_large_image","twitter_misc":{"Tiempo de lectura":"1 minuto"},"schema":{"@context":"https:\/\/schema.org","@graph":[{"@type":"WebPage","@id":"https:\/\/neos-electronic.com\/es\/soluciones-para-el-mantenimiento-en-condiciones-operativas\/","url":"https:\/\/neos-electronic.com\/es\/soluciones-para-el-mantenimiento-en-condiciones-operativas\/","name":"Soluciones para el mantenimiento de las condiciones operativas I Neos Electronic","isPartOf":{"@id":"https:\/\/neos-electronic.com\/es\/#website"},"datePublished":"2024-02-26T16:22:23+00:00","dateModified":"2025-06-12T11:31:21+00:00","description":"Soluciones para mantener sistemas electr\u00f3nicos industriales en condiciones operativas: clonaci\u00f3n de tarjetas electr\u00f3nicas, dise\u00f1o a medida.","breadcrumb":{"@id":"https:\/\/neos-electronic.com\/es\/soluciones-para-el-mantenimiento-en-condiciones-operativas\/#breadcrumb"},"inLanguage":"es","potentialAction":[{"@type":"ReadAction","target":["https:\/\/neos-electronic.com\/es\/soluciones-para-el-mantenimiento-en-condiciones-operativas\/"]}]},{"@type":"BreadcrumbList","@id":"https:\/\/neos-electronic.com\/es\/soluciones-para-el-mantenimiento-en-condiciones-operativas\/#breadcrumb","itemListElement":[{"@type":"ListItem","position":1,"name":"Home","item":"https:\/\/neos-electronic.com\/es\/inicio\/"},{"@type":"ListItem","position":2,"name":"Soluciones MCO"}]},{"@type":"WebSite","@id":"https:\/\/neos-electronic.com\/es\/#website","url":"https:\/\/neos-electronic.com\/es\/","name":"Neos Electronic","description":"Maintien en Conditions Op\u00e9rationnelles","publisher":{"@id":"https:\/\/neos-electronic.com\/es\/#organization"},"potentialAction":[{"@type":"SearchAction","target":{"@type":"EntryPoint","urlTemplate":"https:\/\/neos-electronic.com\/es\/?s={search_term_string}"},"query-input":{"@type":"PropertyValueSpecification","valueRequired":true,"valueName":"search_term_string"}}],"inLanguage":"es"},{"@type":"Organization","@id":"https:\/\/neos-electronic.com\/es\/#organization","name":"Neos Electronic","url":"https:\/\/neos-electronic.com\/es\/","logo":{"@type":"ImageObject","inLanguage":"es","@id":"https:\/\/neos-electronic.com\/es\/#\/schema\/logo\/image\/","url":"https:\/\/neos-electronic.com\/wp-content\/uploads\/2023\/09\/logo.png","contentUrl":"https:\/\/neos-electronic.com\/wp-content\/uploads\/2023\/09\/logo.png","width":205,"height":206,"caption":"Neos Electronic"},"image":{"@id":"https:\/\/neos-electronic.com\/es\/#\/schema\/logo\/image\/"}}]}},"_links":{"self":[{"href":"https:\/\/neos-electronic.com\/es\/wp-json\/wp\/v2\/pages\/13921","targetHints":{"allow":["GET"]}}],"collection":[{"href":"https:\/\/neos-electronic.com\/es\/wp-json\/wp\/v2\/pages"}],"about":[{"href":"https:\/\/neos-electronic.com\/es\/wp-json\/wp\/v2\/types\/page"}],"author":[{"embeddable":true,"href":"https:\/\/neos-electronic.com\/es\/wp-json\/wp\/v2\/users\/2"}],"replies":[{"embeddable":true,"href":"https:\/\/neos-electronic.com\/es\/wp-json\/wp\/v2\/comments?post=13921"}],"version-history":[{"count":19,"href":"https:\/\/neos-electronic.com\/es\/wp-json\/wp\/v2\/pages\/13921\/revisions"}],"predecessor-version":[{"id":14047,"href":"https:\/\/neos-electronic.com\/es\/wp-json\/wp\/v2\/pages\/13921\/revisions\/14047"}],"wp:attachment":[{"href":"https:\/\/neos-electronic.com\/es\/wp-json\/wp\/v2\/media?parent=13921"}],"curies":[{"name":"wp","href":"https:\/\/api.w.org\/{rel}","templated":true}]}}