{"id":13918,"date":"2023-09-18T10:41:42","date_gmt":"2023-09-18T08:41:42","guid":{"rendered":"https:\/\/neos-electronic.com\/rse\/"},"modified":"2025-05-15T13:32:07","modified_gmt":"2025-05-15T11:32:07","slug":"rse","status":"publish","type":"page","link":"https:\/\/neos-electronic.com\/es\/rse\/","title":{"rendered":"RSE"},"content":{"rendered":"\t\t<div data-elementor-type=\"wp-page\" data-elementor-id=\"13918\" class=\"elementor elementor-13918 elementor-8544\" data-elementor-post-type=\"page\">\n\t\t\t\t<div class=\"elementor-element elementor-element-f04ebc9 e-flex e-con-boxed e-con e-parent\" data-id=\"f04ebc9\" data-element_type=\"container\">\n\t\t\t\t\t<div class=\"e-con-inner\">\n\t\t\t\t<div class=\"elementor-element elementor-element-e8372f4 elementor-widget elementor-widget-image\" data-id=\"e8372f4\" data-element_type=\"widget\" data-widget_type=\"image.default\">\n\t\t\t\t<div class=\"elementor-widget-container\">\n\t\t\t\t\t\t\t\t\t\t\t\t\t\t\t<img fetchpriority=\"high\" decoding=\"async\" width=\"777\" height=\"512\" src=\"https:\/\/neos-electronic.com\/wp-content\/uploads\/2024\/02\/industria.png\" class=\"attachment-full size-full wp-image-13572\" alt=\"\" srcset=\"https:\/\/neos-electronic.com\/wp-content\/uploads\/2024\/02\/industria.png 777w, https:\/\/neos-electronic.com\/wp-content\/uploads\/2024\/02\/industria-300x198.png 300w, https:\/\/neos-electronic.com\/wp-content\/uploads\/2024\/02\/industria-768x506.png 768w\" sizes=\"(max-width: 777px) 100vw, 777px\" \/>\t\t\t\t\t\t\t\t\t\t\t\t\t\t\t<\/div>\n\t\t\t\t<\/div>\n\t\t\t\t\t<\/div>\n\t\t\t\t<\/div>\n\t\t\t\t<section class=\"elementor-section elementor-top-section elementor-element elementor-element-55a7797 elementor-section-boxed elementor-section-height-default elementor-section-height-default\" data-id=\"55a7797\" data-element_type=\"section\">\n\t\t\t\t\t\t<div class=\"elementor-container elementor-column-gap-no\">\n\t\t\t\t\t<div class=\"elementor-column elementor-col-50 elementor-top-column elementor-element elementor-element-e17fe73\" data-id=\"e17fe73\" data-element_type=\"column\">\n\t\t\t<div class=\"elementor-widget-wrap elementor-element-populated\">\n\t\t\t\t\t\t<div class=\"elementor-element elementor-element-0348e36 elementor-widget elementor-widget-auntri_elementor_heading\" data-id=\"0348e36\" data-element_type=\"widget\" data-widget_type=\"auntri_elementor_heading.default\">\n\t\t\t\t<div class=\"elementor-widget-container\">\n\t\t\t\t\t\n\t\t<div class=\"ova-title\">\n\n\t\t\t\t\t\t\t<h3 class=\"sub-title\">Neos RSE<\/h3>\n\t\t\t\n\t\t\t\t\t\t\t\n\t\t\t\t\t\t\t\t\t<div class=\"box-title\">\n\t\t\t\t\t\t<div class=\"line-top\"><\/div>\n\t\t\t\t\n\t\t\t\t\t\n\t\t\t\t\t\t<h2 class=\"title\">Nuestro compromiso RSE <\/h2>\n\n\t\t\t\t\t\n\t\t\t\t\t\t\t\t\t<\/div>\n\t\t\t\t\n\t\t\t\n\t\t\t\n\t\t<\/div>\n\t\t \t\n\t\t\t\t\t\t<\/div>\n\t\t\t\t<\/div>\n\t\t\t\t<div class=\"elementor-element elementor-element-c331456 elementor-widget elementor-widget-text-editor\" data-id=\"c331456\" data-element_type=\"widget\" data-widget_type=\"text-editor.default\">\n\t\t\t\t<div class=\"elementor-widget-container\">\n\t\t\t\t\t\t\t\t\t<p>Nuestros valores est\u00e1n en el centro de nuestras relaciones humanas y de nuestras actividades. Constituyen una base s\u00f3lida para el desarrollo y el \u00e9xito de Neos Electronic. <\/p><p><b>El Mantenimiento en Condiciones Operativas (MCO) tiene como principal objetivo optimizar los costes y los recursos utilizados en el sector industrial. Toda nuestra actividad est\u00e1 orientada hacia una l\u00f3gica de econom\u00eda circular y sostenible. <\/b><\/p><p>Cada una de nuestras acciones responde, con total conformidad, a los principios fundamentales de nuestra pol\u00edtica de responsabilidad social y medioambiental (RSE).<\/p>\t\t\t\t\t\t\t\t<\/div>\n\t\t\t\t<\/div>\n\t\t\t\t\t<\/div>\n\t\t<\/div>\n\t\t\t\t<div class=\"elementor-column elementor-col-50 elementor-top-column elementor-element elementor-element-771d100\" data-id=\"771d100\" data-element_type=\"column\">\n\t\t\t<div class=\"elementor-widget-wrap elementor-element-populated\">\n\t\t\t\t\t\t<div class=\"elementor-element elementor-element-0068996 elementor-widget elementor-widget-accordion\" data-id=\"0068996\" data-element_type=\"widget\" data-widget_type=\"accordion.default\">\n\t\t\t\t<div class=\"elementor-widget-container\">\n\t\t\t\t\t\t\t<div class=\"elementor-accordion\">\n\t\t\t\t\t\t\t<div class=\"elementor-accordion-item\">\n\t\t\t\t\t<div id=\"elementor-tab-title-4281\" class=\"elementor-tab-title\" data-tab=\"1\" role=\"button\" aria-controls=\"elementor-tab-content-4281\" aria-expanded=\"false\">\n\t\t\t\t\t\t\t\t\t\t\t\t\t<span class=\"elementor-accordion-icon elementor-accordion-icon-right\" aria-hidden=\"true\">\n\t\t\t\t\t\t\t\t\t\t\t\t\t\t\t<span class=\"elementor-accordion-icon-closed\"><i class=\"fas fa-angle-right\"><\/i><\/span>\n\t\t\t\t\t\t\t\t<span class=\"elementor-accordion-icon-opened\"><i class=\"fas fa-angle-down\"><\/i><\/span>\n\t\t\t\t\t\t\t\t\t\t\t\t\t\t<\/span>\n\t\t\t\t\t\t\t\t\t\t\t\t<a class=\"elementor-accordion-title\" tabindex=\"0\">1. Responsabilidad ambiental<\/a>\n\t\t\t\t\t<\/div>\n\t\t\t\t\t<div id=\"elementor-tab-content-4281\" class=\"elementor-tab-content elementor-clearfix\" data-tab=\"1\" role=\"region\" aria-labelledby=\"elementor-tab-title-4281\"><p>Reconocemos nuestra responsabilidad con el medio ambiente y nos esforzamos por minimizar nuestra huella de carbono. Esto se traduce a: <\/p>\n<ul>\n<li>La reducci\u00f3n del consumo de energ\u00eda y recursos en nuestras operaciones diarias.<\/li>\n<li>La promoci\u00f3n de pr\u00e1cticas de reciclaje y gesti\u00f3n de residuos en nuestros distintos departamentos.<\/li>\n<li>La financiaci\u00f3n de proyectos de reforestaci\u00f3n a trav\u00e9s de organizaciones no gubernamentales para compensar nuestras emisiones de carbono.<\/li>\n<\/ul>\n<\/div>\n\t\t\t\t<\/div>\n\t\t\t\t\t\t\t<div class=\"elementor-accordion-item\">\n\t\t\t\t\t<div id=\"elementor-tab-title-4282\" class=\"elementor-tab-title\" data-tab=\"2\" role=\"button\" aria-controls=\"elementor-tab-content-4282\" aria-expanded=\"false\">\n\t\t\t\t\t\t\t\t\t\t\t\t\t<span class=\"elementor-accordion-icon elementor-accordion-icon-right\" aria-hidden=\"true\">\n\t\t\t\t\t\t\t\t\t\t\t\t\t\t\t<span class=\"elementor-accordion-icon-closed\"><i class=\"fas fa-angle-right\"><\/i><\/span>\n\t\t\t\t\t\t\t\t<span class=\"elementor-accordion-icon-opened\"><i class=\"fas fa-angle-down\"><\/i><\/span>\n\t\t\t\t\t\t\t\t\t\t\t\t\t\t<\/span>\n\t\t\t\t\t\t\t\t\t\t\t\t<a class=\"elementor-accordion-title\" tabindex=\"0\">2. \u00c9tica y gobernanza<\/a>\n\t\t\t\t\t<\/div>\n\t\t\t\t\t<div id=\"elementor-tab-content-4282\" class=\"elementor-tab-content elementor-clearfix\" data-tab=\"2\" role=\"region\" aria-labelledby=\"elementor-tab-title-4282\"><p>Estamos comprometidos a mantener los m\u00e1s altos est\u00e1ndares \u00e9ticos en todas nuestras interacciones, tanto internas como externas. Nuestra gobernanza se basa en la transparencia, la integridad y el cumplimiento de las leyes y regulaciones vigentes. Esto se traduce en:  <\/p>\n<ul>\n<li>Una cultura corporativa centrada en la \u00e9tica y el respeto.<\/li>\n<li>Promover la equidad y la diversidad dentro de nuestro equipo.<\/li>\n<li>La participaci\u00f3n activa de nuestra direcci\u00f3n en iniciativas de RSE.<\/li>\n<\/ul>\n<\/div>\n\t\t\t\t<\/div>\n\t\t\t\t\t\t\t<div class=\"elementor-accordion-item\">\n\t\t\t\t\t<div id=\"elementor-tab-title-4283\" class=\"elementor-tab-title\" data-tab=\"3\" role=\"button\" aria-controls=\"elementor-tab-content-4283\" aria-expanded=\"false\">\n\t\t\t\t\t\t\t\t\t\t\t\t\t<span class=\"elementor-accordion-icon elementor-accordion-icon-right\" aria-hidden=\"true\">\n\t\t\t\t\t\t\t\t\t\t\t\t\t\t\t<span class=\"elementor-accordion-icon-closed\"><i class=\"fas fa-angle-right\"><\/i><\/span>\n\t\t\t\t\t\t\t\t<span class=\"elementor-accordion-icon-opened\"><i class=\"fas fa-angle-down\"><\/i><\/span>\n\t\t\t\t\t\t\t\t\t\t\t\t\t\t<\/span>\n\t\t\t\t\t\t\t\t\t\t\t\t<a class=\"elementor-accordion-title\" tabindex=\"0\">3. Compromiso social<\/a>\n\t\t\t\t\t<\/div>\n\t\t\t\t\t<div id=\"elementor-tab-content-4283\" class=\"elementor-tab-content elementor-clearfix\" data-tab=\"3\" role=\"region\" aria-labelledby=\"elementor-tab-title-4283\"><p>Consideramos a la comunidad como un actor clave de nuestro \u00e9xito. Nos comprometemos a contribuir positivamente a la sociedad mediante: <\/p>\n<ul>\n<li>Fomentar la formaci\u00f3n y el desarrollo profesional de nuestros empleados.<\/li>\n<li>Promover el equilibrio entre la vida laboral y personal de nuestros empleados.<\/li>\n<\/ul>\n<\/div>\n\t\t\t\t<\/div>\n\t\t\t\t\t\t\t<div class=\"elementor-accordion-item\">\n\t\t\t\t\t<div id=\"elementor-tab-title-4284\" class=\"elementor-tab-title\" data-tab=\"4\" role=\"button\" aria-controls=\"elementor-tab-content-4284\" aria-expanded=\"false\">\n\t\t\t\t\t\t\t\t\t\t\t\t\t<span class=\"elementor-accordion-icon elementor-accordion-icon-right\" aria-hidden=\"true\">\n\t\t\t\t\t\t\t\t\t\t\t\t\t\t\t<span class=\"elementor-accordion-icon-closed\"><i class=\"fas fa-angle-right\"><\/i><\/span>\n\t\t\t\t\t\t\t\t<span class=\"elementor-accordion-icon-opened\"><i class=\"fas fa-angle-down\"><\/i><\/span>\n\t\t\t\t\t\t\t\t\t\t\t\t\t\t<\/span>\n\t\t\t\t\t\t\t\t\t\t\t\t<a class=\"elementor-accordion-title\" tabindex=\"0\">4. Relaciones con proveedores y clientes<\/a>\n\t\t\t\t\t<\/div>\n\t\t\t\t\t<div id=\"elementor-tab-content-4284\" class=\"elementor-tab-content elementor-clearfix\" data-tab=\"4\" role=\"region\" aria-labelledby=\"elementor-tab-title-4284\"><p>Creemos en relaciones de confianza con nuestros proveedores y clientes. Buscamos promover la RSE en toda nuestra cadena de suministro mediante: <\/p>\n<ul>\n<li>Fomentar pr\u00e1cticas comerciales \u00e9ticas y responsables entre nuestros proveedores.<\/li>\n<li>La colaboraci\u00f3n con nuestros clientes para desarrollar soluciones eco-responsables.<\/li>\n<li>La escucha activa de los comentarios y preocupaciones de nuestras partes interesadas.<\/li>\n<\/ul>\n<\/div>\n\t\t\t\t<\/div>\n\t\t\t\t\t\t\t\t<\/div>\n\t\t\t\t\t\t<\/div>\n\t\t\t\t<\/div>\n\t\t\t\t\t<\/div>\n\t\t<\/div>\n\t\t\t\t\t<\/div>\n\t\t<\/section>\n\t\t\t\t<section class=\"elementor-section elementor-top-section elementor-element elementor-element-39c65b8 elementor-section-boxed elementor-section-height-default elementor-section-height-default\" data-id=\"39c65b8\" data-element_type=\"section\" data-settings=\"{&quot;background_background&quot;:&quot;classic&quot;}\">\n\t\t\t\t\t\t\t<div class=\"elementor-background-overlay\"><\/div>\n\t\t\t\t\t\t\t<div class=\"elementor-container elementor-column-gap-no\">\n\t\t\t\t\t<div class=\"elementor-column elementor-col-50 elementor-top-column elementor-element elementor-element-bbbbd7c\" data-id=\"bbbbd7c\" data-element_type=\"column\">\n\t\t\t<div class=\"elementor-widget-wrap elementor-element-populated\">\n\t\t\t\t\t\t<div class=\"elementor-element elementor-element-d7feb2a elementor-widget elementor-widget-auntri_elementor_ova_image\" data-id=\"d7feb2a\" data-element_type=\"widget\" data-widget_type=\"auntri_elementor_ova_image.default\">\n\t\t\t\t<div class=\"elementor-widget-container\">\n\t\t\t\t\t\n\t\t\t\t\t<div class=\"ova-image version_2\">\n\t\t\t\t\t\t\t\t\t\n\t\t\t\t\t\t\t\t\t\t<span  class=\"text-content-2\">\n\t\t\t\t\t\tNEOS\t\t\t\t\t<\/span>\n\t\t\t\t\n\t\t\t\t<img decoding=\"async\" src=\"https:\/\/neos-electronic.com\/wp-content\/uploads\/2023\/12\/rse_electronicque_plante.jpg\" alt=\"\">\n\n\t\t\t\t\n\t\t\t\t\n\t\t\t\t\n\t\t\t<\/div>\n\t\t\t\t \t\n\t\t\t\t\t\t<\/div>\n\t\t\t\t<\/div>\n\t\t\t\t\t<\/div>\n\t\t<\/div>\n\t\t\t\t<div class=\"elementor-column elementor-col-50 elementor-top-column elementor-element elementor-element-5952536\" data-id=\"5952536\" data-element_type=\"column\">\n\t\t\t<div class=\"elementor-widget-wrap elementor-element-populated\">\n\t\t\t\t\t\t<div class=\"elementor-element elementor-element-734088d elementor-widget elementor-widget-auntri_elementor_heading\" data-id=\"734088d\" data-element_type=\"widget\" data-widget_type=\"auntri_elementor_heading.default\">\n\t\t\t\t<div class=\"elementor-widget-container\">\n\t\t\t\t\t\n\t\t<div class=\"ova-title\">\n\n\t\t\t\t\t\t\t<h3 class=\"sub-title\">RSE<\/h3>\n\t\t\t\n\t\t\t\t\t\t\t\n\t\t\t\t\t\t\t\t\t<div class=\"box-title\">\n\t\t\t\t\t\t<div class=\"line-top\"><\/div>\n\t\t\t\t\n\t\t\t\t\t\n\t\t\t\t\t\t<h2 class=\"title\">Mejora continua<\/h2>\n\n\t\t\t\t\t\n\t\t\t\t\t\t\t\t\t<\/div>\n\t\t\t\t\n\t\t\t\n\t\t\t\n\t\t<\/div>\n\t\t \t\n\t\t\t\t\t\t<\/div>\n\t\t\t\t<\/div>\n\t\t\t\t<div class=\"elementor-element elementor-element-a0e47a8 elementor-widget elementor-widget-heading\" data-id=\"a0e47a8\" data-element_type=\"widget\" data-widget_type=\"heading.default\">\n\t\t\t\t<div class=\"elementor-widget-container\">\n\t\t\t\t\t<span class=\"elementor-heading-title elementor-size-default\">La RSE como enfoque de mejora continua<\/span>\t\t\t\t<\/div>\n\t\t\t\t<\/div>\n\t\t\t\t<div class=\"elementor-element elementor-element-e105d26 elementor-widget elementor-widget-text-editor\" data-id=\"e105d26\" data-element_type=\"widget\" data-widget_type=\"text-editor.default\">\n\t\t\t\t<div class=\"elementor-widget-container\">\n\t\t\t\t\t\t\t\t\t<p>Neos Electronic se compromete con una mejora constante de sus pr\u00e1cticas sociales y medioambientales. Evolucionamos en funci\u00f3n de las necesidades cambiantes de la sociedad y de nuestras actividades. Nuestros principios y valores se reflejan en cada uno de nuestros procesos, conformando as\u00ed una estrategia global alineada con los retos actuales del desarrollo sostenible y de nuestra sociedad. Invitamos a nuestros clientes, socios, empleados y partes interesadas a unirse a este compromiso por un futuro m\u00e1s responsable   <\/p>\t\t\t\t\t\t\t\t<\/div>\n\t\t\t\t<\/div>\n\t\t\t\t\t<\/div>\n\t\t<\/div>\n\t\t\t\t\t<\/div>\n\t\t<\/section>\n\t\t\t\t<section class=\"elementor-section elementor-top-section elementor-element elementor-element-7c5f2c20 elementor-section-boxed elementor-section-height-default elementor-section-height-default\" data-id=\"7c5f2c20\" data-element_type=\"section\" data-settings=\"{&quot;background_background&quot;:&quot;classic&quot;}\">\n\t\t\t\t\t\t<div class=\"elementor-container elementor-column-gap-no\">\n\t\t\t\t\t<div class=\"elementor-column elementor-col-50 elementor-top-column elementor-element elementor-element-3e550263\" data-id=\"3e550263\" data-element_type=\"column\">\n\t\t\t<div class=\"elementor-widget-wrap elementor-element-populated\">\n\t\t\t\t\t\t<div class=\"elementor-element elementor-element-38b80082 elementor-widget elementor-widget-heading\" data-id=\"38b80082\" data-element_type=\"widget\" data-widget_type=\"heading.default\">\n\t\t\t\t<div class=\"elementor-widget-container\">\n\t\t\t\t\t<h2 class=\"elementor-heading-title elementor-size-default\">Competencia especializada al servicio de la continuidad industrial<\/h2>\t\t\t\t<\/div>\n\t\t\t\t<\/div>\n\t\t\t\t\t<\/div>\n\t\t<\/div>\n\t\t\t\t<div class=\"elementor-column elementor-col-50 elementor-top-column elementor-element elementor-element-10b82a79\" data-id=\"10b82a79\" data-element_type=\"column\">\n\t\t\t<div class=\"elementor-widget-wrap elementor-element-populated\">\n\t\t\t\t\t\t<div class=\"elementor-element elementor-element-674b5fd3 elementor-align-center elementor-widget__width-auto elementor-widget elementor-widget-button\" data-id=\"674b5fd3\" data-element_type=\"widget\" data-widget_type=\"button.default\">\n\t\t\t\t<div class=\"elementor-widget-container\">\n\t\t\t\t\t\t\t\t\t<div class=\"elementor-button-wrapper\">\n\t\t\t\t\t<a class=\"elementor-button elementor-button-link elementor-size-sm\" href=\"https:\/\/neos-electronic.com\/contact\/\">\n\t\t\t\t\t\t<span class=\"elementor-button-content-wrapper\">\n\t\t\t\t\t\t\t\t\t<span class=\"elementor-button-text\">Cont\u00e1ctenos<\/span>\n\t\t\t\t\t<\/span>\n\t\t\t\t\t<\/a>\n\t\t\t\t<\/div>\n\t\t\t\t\t\t\t\t<\/div>\n\t\t\t\t<\/div>\n\t\t\t\t\t<\/div>\n\t\t<\/div>\n\t\t\t\t\t<\/div>\n\t\t<\/section>\n\t\t<div class=\"elementor-element elementor-element-4090617 e-flex e-con-boxed e-con e-parent\" data-id=\"4090617\" data-element_type=\"container\">\n\t\t\t\t\t<div class=\"e-con-inner\">\n\t\t\t\t\t<\/div>\n\t\t\t\t<\/div>\n\t\t\t\t<\/div>\n\t\t","protected":false},"excerpt":{"rendered":"<p>Neos RSE Nuestro compromiso RSE Nuestros valores est\u00e1n en el centro de nuestras relaciones humanas y de nuestras actividades. Constituyen una base s\u00f3lida para el desarrollo y el \u00e9xito de Neos Electronic. El Mantenimiento en Condiciones Operativas (MCO) tiene como principal objetivo optimizar los costes y los recursos utilizados en el sector industrial. Toda nuestra [&hellip;]<\/p>\n","protected":false},"author":1,"featured_media":0,"parent":0,"menu_order":0,"comment_status":"closed","ping_status":"closed","template":"elementor_header_footer","meta":{"footnotes":""},"class_list":["post-13918","page","type-page","status-publish","hentry"],"yoast_head":"<!-- This site is optimized with the Yoast SEO plugin v26.4 - https:\/\/yoast.com\/wordpress\/plugins\/seo\/ -->\n<title>Nuestro compromiso con la RSE I Neos Electronic<\/title>\n<meta name=\"description\" content=\"Descubra nuestras iniciativas de RSE orientadas a promover un futuro m\u00e1s sostenible. Estamos comprometidos a evolucionar constantemente para mejorar nuestras pr\u00e1cticas sociales y ambientales.\" \/>\n<meta name=\"robots\" content=\"index, follow, max-snippet:-1, max-image-preview:large, max-video-preview:-1\" \/>\n<link rel=\"canonical\" href=\"https:\/\/neos-electronic.com\/es\/rse\/\" \/>\n<meta property=\"og:locale\" content=\"es_ES\" \/>\n<meta property=\"og:type\" content=\"article\" \/>\n<meta property=\"og:title\" content=\"Nuestro compromiso con la RSE I Neos Electronic\" \/>\n<meta property=\"og:description\" content=\"Descubra nuestras iniciativas de RSE orientadas a promover un futuro m\u00e1s sostenible. Estamos comprometidos a evolucionar constantemente para mejorar nuestras pr\u00e1cticas sociales y ambientales.\" \/>\n<meta property=\"og:url\" content=\"https:\/\/neos-electronic.com\/es\/rse\/\" \/>\n<meta property=\"og:site_name\" content=\"Neos Electronic\" \/>\n<meta property=\"article:modified_time\" content=\"2025-05-15T11:32:07+00:00\" \/>\n<meta property=\"og:image\" content=\"https:\/\/neos-electronic.com\/wp-content\/uploads\/2024\/02\/industria.png\" \/>\n\t<meta property=\"og:image:width\" content=\"777\" \/>\n\t<meta property=\"og:image:height\" content=\"512\" \/>\n\t<meta property=\"og:image:type\" content=\"image\/png\" \/>\n<meta name=\"twitter:card\" content=\"summary_large_image\" \/>\n<meta name=\"twitter:label1\" content=\"Tiempo de lectura\" \/>\n\t<meta name=\"twitter:data1\" content=\"2 minutos\" \/>\n<script type=\"application\/ld+json\" class=\"yoast-schema-graph\">{\"@context\":\"https:\/\/schema.org\",\"@graph\":[{\"@type\":\"WebPage\",\"@id\":\"https:\/\/neos-electronic.com\/es\/rse\/\",\"url\":\"https:\/\/neos-electronic.com\/es\/rse\/\",\"name\":\"Nuestro compromiso con la RSE I Neos Electronic\",\"isPartOf\":{\"@id\":\"https:\/\/neos-electronic.com\/es\/#website\"},\"primaryImageOfPage\":{\"@id\":\"https:\/\/neos-electronic.com\/es\/rse\/#primaryimage\"},\"image\":{\"@id\":\"https:\/\/neos-electronic.com\/es\/rse\/#primaryimage\"},\"thumbnailUrl\":\"https:\/\/neos-electronic.com\/wp-content\/uploads\/2024\/02\/industria.png\",\"datePublished\":\"2023-09-18T08:41:42+00:00\",\"dateModified\":\"2025-05-15T11:32:07+00:00\",\"description\":\"Descubra nuestras iniciativas de RSE orientadas a promover un futuro m\u00e1s sostenible. Estamos comprometidos a evolucionar constantemente para mejorar nuestras pr\u00e1cticas sociales y ambientales.\",\"breadcrumb\":{\"@id\":\"https:\/\/neos-electronic.com\/es\/rse\/#breadcrumb\"},\"inLanguage\":\"es\",\"potentialAction\":[{\"@type\":\"ReadAction\",\"target\":[\"https:\/\/neos-electronic.com\/es\/rse\/\"]}]},{\"@type\":\"ImageObject\",\"inLanguage\":\"es\",\"@id\":\"https:\/\/neos-electronic.com\/es\/rse\/#primaryimage\",\"url\":\"https:\/\/neos-electronic.com\/wp-content\/uploads\/2024\/02\/industria.png\",\"contentUrl\":\"https:\/\/neos-electronic.com\/wp-content\/uploads\/2024\/02\/industria.png\"},{\"@type\":\"BreadcrumbList\",\"@id\":\"https:\/\/neos-electronic.com\/es\/rse\/#breadcrumb\",\"itemListElement\":[{\"@type\":\"ListItem\",\"position\":1,\"name\":\"Home\",\"item\":\"https:\/\/neos-electronic.com\/es\/inicio\/\"},{\"@type\":\"ListItem\",\"position\":2,\"name\":\"RSE\"}]},{\"@type\":\"WebSite\",\"@id\":\"https:\/\/neos-electronic.com\/es\/#website\",\"url\":\"https:\/\/neos-electronic.com\/es\/\",\"name\":\"Neos Electronic\",\"description\":\"Maintien en Conditions Op\u00e9rationnelles\",\"publisher\":{\"@id\":\"https:\/\/neos-electronic.com\/es\/#organization\"},\"potentialAction\":[{\"@type\":\"SearchAction\",\"target\":{\"@type\":\"EntryPoint\",\"urlTemplate\":\"https:\/\/neos-electronic.com\/es\/?s={search_term_string}\"},\"query-input\":{\"@type\":\"PropertyValueSpecification\",\"valueRequired\":true,\"valueName\":\"search_term_string\"}}],\"inLanguage\":\"es\"},{\"@type\":\"Organization\",\"@id\":\"https:\/\/neos-electronic.com\/es\/#organization\",\"name\":\"Neos Electronic\",\"url\":\"https:\/\/neos-electronic.com\/es\/\",\"logo\":{\"@type\":\"ImageObject\",\"inLanguage\":\"es\",\"@id\":\"https:\/\/neos-electronic.com\/es\/#\/schema\/logo\/image\/\",\"url\":\"https:\/\/neos-electronic.com\/wp-content\/uploads\/2023\/09\/logo.png\",\"contentUrl\":\"https:\/\/neos-electronic.com\/wp-content\/uploads\/2023\/09\/logo.png\",\"width\":205,\"height\":206,\"caption\":\"Neos Electronic\"},\"image\":{\"@id\":\"https:\/\/neos-electronic.com\/es\/#\/schema\/logo\/image\/\"}}]}<\/script>\n<!-- \/ Yoast SEO plugin. -->","yoast_head_json":{"title":"Nuestro compromiso con la RSE I Neos Electronic","description":"Descubra nuestras iniciativas de RSE orientadas a promover un futuro m\u00e1s sostenible. Estamos comprometidos a evolucionar constantemente para mejorar nuestras pr\u00e1cticas sociales y ambientales.","robots":{"index":"index","follow":"follow","max-snippet":"max-snippet:-1","max-image-preview":"max-image-preview:large","max-video-preview":"max-video-preview:-1"},"canonical":"https:\/\/neos-electronic.com\/es\/rse\/","og_locale":"es_ES","og_type":"article","og_title":"Nuestro compromiso con la RSE I Neos Electronic","og_description":"Descubra nuestras iniciativas de RSE orientadas a promover un futuro m\u00e1s sostenible. Estamos comprometidos a evolucionar constantemente para mejorar nuestras pr\u00e1cticas sociales y ambientales.","og_url":"https:\/\/neos-electronic.com\/es\/rse\/","og_site_name":"Neos Electronic","article_modified_time":"2025-05-15T11:32:07+00:00","og_image":[{"width":777,"height":512,"url":"https:\/\/neos-electronic.com\/wp-content\/uploads\/2024\/02\/industria.png","type":"image\/png"}],"twitter_card":"summary_large_image","twitter_misc":{"Tiempo de lectura":"2 minutos"},"schema":{"@context":"https:\/\/schema.org","@graph":[{"@type":"WebPage","@id":"https:\/\/neos-electronic.com\/es\/rse\/","url":"https:\/\/neos-electronic.com\/es\/rse\/","name":"Nuestro compromiso con la RSE I Neos Electronic","isPartOf":{"@id":"https:\/\/neos-electronic.com\/es\/#website"},"primaryImageOfPage":{"@id":"https:\/\/neos-electronic.com\/es\/rse\/#primaryimage"},"image":{"@id":"https:\/\/neos-electronic.com\/es\/rse\/#primaryimage"},"thumbnailUrl":"https:\/\/neos-electronic.com\/wp-content\/uploads\/2024\/02\/industria.png","datePublished":"2023-09-18T08:41:42+00:00","dateModified":"2025-05-15T11:32:07+00:00","description":"Descubra nuestras iniciativas de RSE orientadas a promover un futuro m\u00e1s sostenible. Estamos comprometidos a evolucionar constantemente para mejorar nuestras pr\u00e1cticas sociales y ambientales.","breadcrumb":{"@id":"https:\/\/neos-electronic.com\/es\/rse\/#breadcrumb"},"inLanguage":"es","potentialAction":[{"@type":"ReadAction","target":["https:\/\/neos-electronic.com\/es\/rse\/"]}]},{"@type":"ImageObject","inLanguage":"es","@id":"https:\/\/neos-electronic.com\/es\/rse\/#primaryimage","url":"https:\/\/neos-electronic.com\/wp-content\/uploads\/2024\/02\/industria.png","contentUrl":"https:\/\/neos-electronic.com\/wp-content\/uploads\/2024\/02\/industria.png"},{"@type":"BreadcrumbList","@id":"https:\/\/neos-electronic.com\/es\/rse\/#breadcrumb","itemListElement":[{"@type":"ListItem","position":1,"name":"Home","item":"https:\/\/neos-electronic.com\/es\/inicio\/"},{"@type":"ListItem","position":2,"name":"RSE"}]},{"@type":"WebSite","@id":"https:\/\/neos-electronic.com\/es\/#website","url":"https:\/\/neos-electronic.com\/es\/","name":"Neos Electronic","description":"Maintien en Conditions Op\u00e9rationnelles","publisher":{"@id":"https:\/\/neos-electronic.com\/es\/#organization"},"potentialAction":[{"@type":"SearchAction","target":{"@type":"EntryPoint","urlTemplate":"https:\/\/neos-electronic.com\/es\/?s={search_term_string}"},"query-input":{"@type":"PropertyValueSpecification","valueRequired":true,"valueName":"search_term_string"}}],"inLanguage":"es"},{"@type":"Organization","@id":"https:\/\/neos-electronic.com\/es\/#organization","name":"Neos Electronic","url":"https:\/\/neos-electronic.com\/es\/","logo":{"@type":"ImageObject","inLanguage":"es","@id":"https:\/\/neos-electronic.com\/es\/#\/schema\/logo\/image\/","url":"https:\/\/neos-electronic.com\/wp-content\/uploads\/2023\/09\/logo.png","contentUrl":"https:\/\/neos-electronic.com\/wp-content\/uploads\/2023\/09\/logo.png","width":205,"height":206,"caption":"Neos Electronic"},"image":{"@id":"https:\/\/neos-electronic.com\/es\/#\/schema\/logo\/image\/"}}]}},"_links":{"self":[{"href":"https:\/\/neos-electronic.com\/es\/wp-json\/wp\/v2\/pages\/13918","targetHints":{"allow":["GET"]}}],"collection":[{"href":"https:\/\/neos-electronic.com\/es\/wp-json\/wp\/v2\/pages"}],"about":[{"href":"https:\/\/neos-electronic.com\/es\/wp-json\/wp\/v2\/types\/page"}],"author":[{"embeddable":true,"href":"https:\/\/neos-electronic.com\/es\/wp-json\/wp\/v2\/users\/1"}],"replies":[{"embeddable":true,"href":"https:\/\/neos-electronic.com\/es\/wp-json\/wp\/v2\/comments?post=13918"}],"version-history":[{"count":2,"href":"https:\/\/neos-electronic.com\/es\/wp-json\/wp\/v2\/pages\/13918\/revisions"}],"predecessor-version":[{"id":13920,"href":"https:\/\/neos-electronic.com\/es\/wp-json\/wp\/v2\/pages\/13918\/revisions\/13920"}],"wp:attachment":[{"href":"https:\/\/neos-electronic.com\/es\/wp-json\/wp\/v2\/media?parent=13918"}],"curies":[{"name":"wp","href":"https:\/\/api.w.org\/{rel}","templated":true}]}}